{"id":987,"date":"2017-04-04T07:15:20","date_gmt":"2017-04-04T10:15:20","guid":{"rendered":"http:\/\/www.paroquiavilaoperaria.org.br\/portal\/?page_id=987"},"modified":"2020-01-08T13:56:22","modified_gmt":"2020-01-08T16:56:22","slug":"gasa-grupo-de-acolitos-santo-afonso","status":"publish","type":"page","link":"https:\/\/www.paroquiavilaoperaria.org.br\/portal\/acoes-pastorias\/grupos\/gasa-grupo-de-acolitos-santo-afonso\/","title":{"rendered":"GASA \u2013 Grupo de Ac\u00f3litos Santo Afonso"},"content":{"rendered":"<p>COORDENA\u00c7\u00c3O | GRUPO DE AC\u00d3LITOS SANTO AFONSO 2020\/2021<\/p>\n<p>Coordenadora: Flaviany Christina<br \/>\nVice-coordenadora: Mayra Liarth<br \/>\nSecret\u00e1ria: Maria Eduarda Reb\u00ealo<br \/>\nVice-secret\u00e1rio: Gleydson Louren\u00e7o<br \/>\nAlmoxarife: Carlos Eduardo<br \/>\nTesoureira: Anna Let\u00edcia<\/p>\n<p><a style=\"font-size: inherit;\" href=\"https:\/\/www.paroquiavilaoperaria.org.br\/portal\/wp-content\/uploads\/2020\/01\/WhatsApp-Image-2020-01-07-at-08.37.52.jpeg\"><img loading=\"lazy\" decoding=\"async\" class=\"alignleft  wp-image-2081\" src=\"https:\/\/www.paroquiavilaoperaria.org.br\/portal\/wp-content\/uploads\/2020\/01\/WhatsApp-Image-2020-01-07-at-08.37.52-300x169.jpeg\" alt=\"\" width=\"396\" height=\"223\" srcset=\"https:\/\/www.paroquiavilaoperaria.org.br\/portal\/wp-content\/uploads\/2020\/01\/WhatsApp-Image-2020-01-07-at-08.37.52-300x169.jpeg 300w, https:\/\/www.paroquiavilaoperaria.org.br\/portal\/wp-content\/uploads\/2020\/01\/WhatsApp-Image-2020-01-07-at-08.37.52-768x432.jpeg 768w, https:\/\/www.paroquiavilaoperaria.org.br\/portal\/wp-content\/uploads\/2020\/01\/WhatsApp-Image-2020-01-07-at-08.37.52-1024x576.jpeg 1024w, https:\/\/www.paroquiavilaoperaria.org.br\/portal\/wp-content\/uploads\/2020\/01\/WhatsApp-Image-2020-01-07-at-08.37.52-360x204.jpeg 360w, https:\/\/www.paroquiavilaoperaria.org.br\/portal\/wp-content\/uploads\/2020\/01\/WhatsApp-Image-2020-01-07-at-08.37.52-600x338.jpeg 600w, https:\/\/www.paroquiavilaoperaria.org.br\/portal\/wp-content\/uploads\/2020\/01\/WhatsApp-Image-2020-01-07-at-08.37.52.jpeg 1152w\" sizes=\"(max-width: 396px) 100vw, 396px\" \/><\/a><\/p>\n<p><a href=\"https:\/\/www.paroquiavilaoperaria.org.br\/portal\/wp-content\/uploads\/2020\/01\/WhatsApp-Image-2020-01-08-at-13.41.11.jpeg\"><img loading=\"lazy\" decoding=\"async\" class=\"alignleft  wp-image-2093\" src=\"https:\/\/www.paroquiavilaoperaria.org.br\/portal\/wp-content\/uploads\/2020\/01\/WhatsApp-Image-2020-01-08-at-13.41.11-300x212.jpeg\" alt=\"\" width=\"520\" height=\"367\" srcset=\"https:\/\/www.paroquiavilaoperaria.org.br\/portal\/wp-content\/uploads\/2020\/01\/WhatsApp-Image-2020-01-08-at-13.41.11-300x212.jpeg 300w, https:\/\/www.paroquiavilaoperaria.org.br\/portal\/wp-content\/uploads\/2020\/01\/WhatsApp-Image-2020-01-08-at-13.41.11-100x70.jpeg 100w, https:\/\/www.paroquiavilaoperaria.org.br\/portal\/wp-content\/uploads\/2020\/01\/WhatsApp-Image-2020-01-08-at-13.41.11-600x423.jpeg 600w, https:\/\/www.paroquiavilaoperaria.org.br\/portal\/wp-content\/uploads\/2020\/01\/WhatsApp-Image-2020-01-08-at-13.41.11.jpeg 720w\" sizes=\"(max-width: 520px) 100vw, 520px\" \/><\/a><\/p>\n","protected":false},"excerpt":{"rendered":"<p>COORDENA\u00c7\u00c3O | GRUPO DE AC\u00d3LITOS SANTO AFONSO 2020\/2021 Coordenadora: Flaviany Christina Vice-coordenadora: Mayra Liarth Secret\u00e1ria: Maria Eduarda Reb\u00ealo Vice-secret\u00e1rio: Gleydson Louren\u00e7o Almoxarife: Carlos Eduardo Tesoureira: Anna Let\u00edcia<\/p>\n","protected":false},"author":1,"featured_media":0,"parent":857,"menu_order":0,"comment_status":"closed","ping_status":"closed","template":"","meta":{"_acf_changed":false,"footnotes":""},"acf":[],"yoast_head":"<!-- This site is optimized with the Yoast SEO plugin v16.9 - https:\/\/yoast.com\/wordpress\/plugins\/seo\/ -->\n<title>GASA \u2013 Grupo de Ac\u00f3litos Santo Afonso - Par\u00f3quia da Vila Oper\u00e1ria - Teresina - Piau\u00ed<\/title>\n<meta name=\"robots\" content=\"index, follow, max-snippet:-1, max-image-preview:large, max-video-preview:-1\" \/>\n<link rel=\"canonical\" href=\"https:\/\/www.paroquiavilaoperaria.org.br\/portal\/acoes-pastorias\/grupos\/gasa-grupo-de-acolitos-santo-afonso\/\" \/>\n<meta property=\"og:locale\" content=\"pt_BR\" \/>\n<meta property=\"og:type\" content=\"article\" \/>\n<meta property=\"og:title\" content=\"GASA \u2013 Grupo de Ac\u00f3litos Santo Afonso - Par\u00f3quia da Vila Oper\u00e1ria - Teresina - Piau\u00ed\" \/>\n<meta property=\"og:description\" content=\"COORDENA\u00c7\u00c3O | GRUPO DE AC\u00d3LITOS SANTO AFONSO 2020\/2021 Coordenadora: Flaviany Christina Vice-coordenadora: Mayra Liarth Secret\u00e1ria: Maria Eduarda Reb\u00ealo Vice-secret\u00e1rio: Gleydson Louren\u00e7o Almoxarife: Carlos Eduardo Tesoureira: Anna Let\u00edcia\" \/>\n<meta property=\"og:url\" content=\"https:\/\/www.paroquiavilaoperaria.org.br\/portal\/acoes-pastorias\/grupos\/gasa-grupo-de-acolitos-santo-afonso\/\" \/>\n<meta property=\"og:site_name\" content=\"Par\u00f3quia da Vila Oper\u00e1ria - Teresina - Piau\u00ed\" \/>\n<meta property=\"article:publisher\" content=\"https:\/\/www.facebook.com\/Valdeci-Cavalcante-Advocacia-Assessoria-211334022240065\/\" \/>\n<meta property=\"article:modified_time\" content=\"2020-01-08T16:56:22+00:00\" \/>\n<meta property=\"og:image\" content=\"https:\/\/www.paroquiavilaoperaria.org.br\/portal\/wp-content\/uploads\/2020\/01\/WhatsApp-Image-2020-01-07-at-08.37.52-300x169.jpeg\" \/>\n<meta name=\"twitter:card\" content=\"summary\" \/>\n<script type=\"application\/ld+json\" class=\"yoast-schema-graph\">{\"@context\":\"https:\/\/schema.org\",\"@graph\":[{\"@type\":\"WebSite\",\"@id\":\"https:\/\/www.paroquiavilaoperaria.org.br\/portal\/#website\",\"url\":\"https:\/\/www.paroquiavilaoperaria.org.br\/portal\/\",\"name\":\"Par\\u00f3quia da Vila Oper\\u00e1ria - Teresina - Piau\\u00ed\",\"description\":\"\",\"potentialAction\":[{\"@type\":\"SearchAction\",\"target\":{\"@type\":\"EntryPoint\",\"urlTemplate\":\"https:\/\/www.paroquiavilaoperaria.org.br\/portal\/?s={search_term_string}\"},\"query-input\":\"required name=search_term_string\"}],\"inLanguage\":\"pt-BR\"},{\"@type\":\"ImageObject\",\"@id\":\"https:\/\/www.paroquiavilaoperaria.org.br\/portal\/acoes-pastorias\/grupos\/gasa-grupo-de-acolitos-santo-afonso\/#primaryimage\",\"inLanguage\":\"pt-BR\",\"url\":\"https:\/\/www.paroquiavilaoperaria.org.br\/portal\/wp-content\/uploads\/2020\/01\/WhatsApp-Image-2020-01-07-at-08.37.52.jpeg\",\"contentUrl\":\"https:\/\/www.paroquiavilaoperaria.org.br\/portal\/wp-content\/uploads\/2020\/01\/WhatsApp-Image-2020-01-07-at-08.37.52.jpeg\",\"width\":1152,\"height\":648},{\"@type\":\"WebPage\",\"@id\":\"https:\/\/www.paroquiavilaoperaria.org.br\/portal\/acoes-pastorias\/grupos\/gasa-grupo-de-acolitos-santo-afonso\/#webpage\",\"url\":\"https:\/\/www.paroquiavilaoperaria.org.br\/portal\/acoes-pastorias\/grupos\/gasa-grupo-de-acolitos-santo-afonso\/\",\"name\":\"GASA \\u2013 Grupo de Ac\\u00f3litos Santo Afonso - Par\\u00f3quia da Vila Oper\\u00e1ria - Teresina - Piau\\u00ed\",\"isPartOf\":{\"@id\":\"https:\/\/www.paroquiavilaoperaria.org.br\/portal\/#website\"},\"primaryImageOfPage\":{\"@id\":\"https:\/\/www.paroquiavilaoperaria.org.br\/portal\/acoes-pastorias\/grupos\/gasa-grupo-de-acolitos-santo-afonso\/#primaryimage\"},\"datePublished\":\"2017-04-04T10:15:20+00:00\",\"dateModified\":\"2020-01-08T16:56:22+00:00\",\"breadcrumb\":{\"@id\":\"https:\/\/www.paroquiavilaoperaria.org.br\/portal\/acoes-pastorias\/grupos\/gasa-grupo-de-acolitos-santo-afonso\/#breadcrumb\"},\"inLanguage\":\"pt-BR\",\"potentialAction\":[{\"@type\":\"ReadAction\",\"target\":[\"https:\/\/www.paroquiavilaoperaria.org.br\/portal\/acoes-pastorias\/grupos\/gasa-grupo-de-acolitos-santo-afonso\/\"]}]},{\"@type\":\"BreadcrumbList\",\"@id\":\"https:\/\/www.paroquiavilaoperaria.org.br\/portal\/acoes-pastorias\/grupos\/gasa-grupo-de-acolitos-santo-afonso\/#breadcrumb\",\"itemListElement\":[{\"@type\":\"ListItem\",\"position\":1,\"name\":\"In\\u00edcio\",\"item\":\"https:\/\/www.paroquiavilaoperaria.org.br\/portal\/\"},{\"@type\":\"ListItem\",\"position\":2,\"name\":\"A\\u00e7\\u00f5es Pastorias\",\"item\":\"https:\/\/www.paroquiavilaoperaria.org.br\/portal\/acoes-pastorias\/\"},{\"@type\":\"ListItem\",\"position\":3,\"name\":\"Grupos\",\"item\":\"https:\/\/www.paroquiavilaoperaria.org.br\/portal\/acoes-pastorias\/grupos\/\"},{\"@type\":\"ListItem\",\"position\":4,\"name\":\"GASA \\u2013 Grupo de Ac\\u00f3litos Santo Afonso\"}]}]}<\/script>\n<!-- \/ Yoast SEO plugin. -->","yoast_head_json":{"title":"GASA \u2013 Grupo de Ac\u00f3litos Santo Afonso - Par\u00f3quia da Vila Oper\u00e1ria - Teresina - Piau\u00ed","robots":{"index":"index","follow":"follow","max-snippet":"max-snippet:-1","max-image-preview":"max-image-preview:large","max-video-preview":"max-video-preview:-1"},"canonical":"https:\/\/www.paroquiavilaoperaria.org.br\/portal\/acoes-pastorias\/grupos\/gasa-grupo-de-acolitos-santo-afonso\/","og_locale":"pt_BR","og_type":"article","og_title":"GASA \u2013 Grupo de Ac\u00f3litos Santo Afonso - Par\u00f3quia da Vila Oper\u00e1ria - Teresina - Piau\u00ed","og_description":"COORDENA\u00c7\u00c3O | GRUPO DE AC\u00d3LITOS SANTO AFONSO 2020\/2021 Coordenadora: Flaviany Christina Vice-coordenadora: Mayra Liarth Secret\u00e1ria: Maria Eduarda Reb\u00ealo Vice-secret\u00e1rio: Gleydson Louren\u00e7o Almoxarife: Carlos Eduardo Tesoureira: Anna Let\u00edcia","og_url":"https:\/\/www.paroquiavilaoperaria.org.br\/portal\/acoes-pastorias\/grupos\/gasa-grupo-de-acolitos-santo-afonso\/","og_site_name":"Par\u00f3quia da Vila Oper\u00e1ria - Teresina - Piau\u00ed","article_publisher":"https:\/\/www.facebook.com\/Valdeci-Cavalcante-Advocacia-Assessoria-211334022240065\/","article_modified_time":"2020-01-08T16:56:22+00:00","og_image":[{"url":"https:\/\/www.paroquiavilaoperaria.org.br\/portal\/wp-content\/uploads\/2020\/01\/WhatsApp-Image-2020-01-07-at-08.37.52-300x169.jpeg"}],"twitter_card":"summary","schema":{"@context":"https:\/\/schema.org","@graph":[{"@type":"WebSite","@id":"https:\/\/www.paroquiavilaoperaria.org.br\/portal\/#website","url":"https:\/\/www.paroquiavilaoperaria.org.br\/portal\/","name":"Par\u00f3quia da Vila Oper\u00e1ria - Teresina - Piau\u00ed","description":"","potentialAction":[{"@type":"SearchAction","target":{"@type":"EntryPoint","urlTemplate":"https:\/\/www.paroquiavilaoperaria.org.br\/portal\/?s={search_term_string}"},"query-input":"required name=search_term_string"}],"inLanguage":"pt-BR"},{"@type":"ImageObject","@id":"https:\/\/www.paroquiavilaoperaria.org.br\/portal\/acoes-pastorias\/grupos\/gasa-grupo-de-acolitos-santo-afonso\/#primaryimage","inLanguage":"pt-BR","url":"https:\/\/www.paroquiavilaoperaria.org.br\/portal\/wp-content\/uploads\/2020\/01\/WhatsApp-Image-2020-01-07-at-08.37.52.jpeg","contentUrl":"https:\/\/www.paroquiavilaoperaria.org.br\/portal\/wp-content\/uploads\/2020\/01\/WhatsApp-Image-2020-01-07-at-08.37.52.jpeg","width":1152,"height":648},{"@type":"WebPage","@id":"https:\/\/www.paroquiavilaoperaria.org.br\/portal\/acoes-pastorias\/grupos\/gasa-grupo-de-acolitos-santo-afonso\/#webpage","url":"https:\/\/www.paroquiavilaoperaria.org.br\/portal\/acoes-pastorias\/grupos\/gasa-grupo-de-acolitos-santo-afonso\/","name":"GASA \u2013 Grupo de Ac\u00f3litos Santo Afonso - Par\u00f3quia da Vila Oper\u00e1ria - Teresina - Piau\u00ed","isPartOf":{"@id":"https:\/\/www.paroquiavilaoperaria.org.br\/portal\/#website"},"primaryImageOfPage":{"@id":"https:\/\/www.paroquiavilaoperaria.org.br\/portal\/acoes-pastorias\/grupos\/gasa-grupo-de-acolitos-santo-afonso\/#primaryimage"},"datePublished":"2017-04-04T10:15:20+00:00","dateModified":"2020-01-08T16:56:22+00:00","breadcrumb":{"@id":"https:\/\/www.paroquiavilaoperaria.org.br\/portal\/acoes-pastorias\/grupos\/gasa-grupo-de-acolitos-santo-afonso\/#breadcrumb"},"inLanguage":"pt-BR","potentialAction":[{"@type":"ReadAction","target":["https:\/\/www.paroquiavilaoperaria.org.br\/portal\/acoes-pastorias\/grupos\/gasa-grupo-de-acolitos-santo-afonso\/"]}]},{"@type":"BreadcrumbList","@id":"https:\/\/www.paroquiavilaoperaria.org.br\/portal\/acoes-pastorias\/grupos\/gasa-grupo-de-acolitos-santo-afonso\/#breadcrumb","itemListElement":[{"@type":"ListItem","position":1,"name":"In\u00edcio","item":"https:\/\/www.paroquiavilaoperaria.org.br\/portal\/"},{"@type":"ListItem","position":2,"name":"A\u00e7\u00f5es Pastorias","item":"https:\/\/www.paroquiavilaoperaria.org.br\/portal\/acoes-pastorias\/"},{"@type":"ListItem","position":3,"name":"Grupos","item":"https:\/\/www.paroquiavilaoperaria.org.br\/portal\/acoes-pastorias\/grupos\/"},{"@type":"ListItem","position":4,"name":"GASA \u2013 Grupo de Ac\u00f3litos Santo Afonso"}]}]}},"_links":{"self":[{"href":"https:\/\/www.paroquiavilaoperaria.org.br\/portal\/wp-json\/wp\/v2\/pages\/987"}],"collection":[{"href":"https:\/\/www.paroquiavilaoperaria.org.br\/portal\/wp-json\/wp\/v2\/pages"}],"about":[{"href":"https:\/\/www.paroquiavilaoperaria.org.br\/portal\/wp-json\/wp\/v2\/types\/page"}],"author":[{"embeddable":true,"href":"https:\/\/www.paroquiavilaoperaria.org.br\/portal\/wp-json\/wp\/v2\/users\/1"}],"replies":[{"embeddable":true,"href":"https:\/\/www.paroquiavilaoperaria.org.br\/portal\/wp-json\/wp\/v2\/comments?post=987"}],"version-history":[{"count":11,"href":"https:\/\/www.paroquiavilaoperaria.org.br\/portal\/wp-json\/wp\/v2\/pages\/987\/revisions"}],"predecessor-version":[{"id":2095,"href":"https:\/\/www.paroquiavilaoperaria.org.br\/portal\/wp-json\/wp\/v2\/pages\/987\/revisions\/2095"}],"up":[{"embeddable":true,"href":"https:\/\/www.paroquiavilaoperaria.org.br\/portal\/wp-json\/wp\/v2\/pages\/857"}],"wp:attachment":[{"href":"https:\/\/www.paroquiavilaoperaria.org.br\/portal\/wp-json\/wp\/v2\/media?parent=987"}],"curies":[{"name":"wp","href":"https:\/\/api.w.org\/{rel}","templated":true}]}}