{"id":985,"date":"2017-04-04T07:14:42","date_gmt":"2017-04-04T10:14:42","guid":{"rendered":"http:\/\/www.paroquiavilaoperaria.org.br\/portal\/?page_id=985"},"modified":"2020-01-27T10:15:12","modified_gmt":"2020-01-27T13:15:12","slug":"grupo-de-liturgia","status":"publish","type":"page","link":"https:\/\/www.paroquiavilaoperaria.org.br\/portal\/acoes-pastorias\/grupos\/grupo-de-liturgia\/","title":{"rendered":"Grupo de Liturgia"},"content":{"rendered":"<p>Coordena\u00e7\u00e3o: Concei\u00e7\u00e3o<\/p>\n<p>Reuni\u00f5es: 2\u00aa e 4\u00aa segunda-feira, ap\u00f3s a missa das 19h no Centro de Forma\u00e7\u00e3o.<\/p>\n","protected":false},"excerpt":{"rendered":"<p>Coordena\u00e7\u00e3o: Concei\u00e7\u00e3o Reuni\u00f5es: 2\u00aa e 4\u00aa segunda-feira, ap\u00f3s a missa das 19h no Centro de Forma\u00e7\u00e3o.<\/p>\n","protected":false},"author":1,"featured_media":0,"parent":857,"menu_order":0,"comment_status":"closed","ping_status":"closed","template":"","meta":{"_acf_changed":false,"footnotes":""},"acf":[],"yoast_head":"<!-- This site is optimized with the Yoast SEO plugin v16.9 - https:\/\/yoast.com\/wordpress\/plugins\/seo\/ -->\n<title>Grupo de Liturgia - Par\u00f3quia da Vila Oper\u00e1ria - Teresina - Piau\u00ed<\/title>\n<meta name=\"robots\" content=\"index, follow, max-snippet:-1, max-image-preview:large, max-video-preview:-1\" \/>\n<link rel=\"canonical\" href=\"https:\/\/www.paroquiavilaoperaria.org.br\/portal\/acoes-pastorias\/grupos\/grupo-de-liturgia\/\" \/>\n<meta property=\"og:locale\" content=\"pt_BR\" \/>\n<meta property=\"og:type\" content=\"article\" \/>\n<meta property=\"og:title\" content=\"Grupo de Liturgia - Par\u00f3quia da Vila Oper\u00e1ria - Teresina - Piau\u00ed\" \/>\n<meta property=\"og:description\" content=\"Coordena\u00e7\u00e3o: Concei\u00e7\u00e3o Reuni\u00f5es: 2\u00aa e 4\u00aa segunda-feira, ap\u00f3s a missa das 19h no Centro de Forma\u00e7\u00e3o.\" \/>\n<meta property=\"og:url\" content=\"https:\/\/www.paroquiavilaoperaria.org.br\/portal\/acoes-pastorias\/grupos\/grupo-de-liturgia\/\" \/>\n<meta property=\"og:site_name\" content=\"Par\u00f3quia da Vila Oper\u00e1ria - Teresina - Piau\u00ed\" \/>\n<meta property=\"article:publisher\" content=\"https:\/\/www.facebook.com\/Valdeci-Cavalcante-Advocacia-Assessoria-211334022240065\/\" \/>\n<meta property=\"article:modified_time\" content=\"2020-01-27T13:15:12+00:00\" \/>\n<meta name=\"twitter:card\" content=\"summary\" \/>\n<script type=\"application\/ld+json\" class=\"yoast-schema-graph\">{\"@context\":\"https:\/\/schema.org\",\"@graph\":[{\"@type\":\"WebSite\",\"@id\":\"https:\/\/www.paroquiavilaoperaria.org.br\/portal\/#website\",\"url\":\"https:\/\/www.paroquiavilaoperaria.org.br\/portal\/\",\"name\":\"Par\\u00f3quia da Vila Oper\\u00e1ria - Teresina - Piau\\u00ed\",\"description\":\"\",\"potentialAction\":[{\"@type\":\"SearchAction\",\"target\":{\"@type\":\"EntryPoint\",\"urlTemplate\":\"https:\/\/www.paroquiavilaoperaria.org.br\/portal\/?s={search_term_string}\"},\"query-input\":\"required name=search_term_string\"}],\"inLanguage\":\"pt-BR\"},{\"@type\":\"WebPage\",\"@id\":\"https:\/\/www.paroquiavilaoperaria.org.br\/portal\/acoes-pastorias\/grupos\/grupo-de-liturgia\/#webpage\",\"url\":\"https:\/\/www.paroquiavilaoperaria.org.br\/portal\/acoes-pastorias\/grupos\/grupo-de-liturgia\/\",\"name\":\"Grupo de Liturgia - Par\\u00f3quia da Vila Oper\\u00e1ria - Teresina - Piau\\u00ed\",\"isPartOf\":{\"@id\":\"https:\/\/www.paroquiavilaoperaria.org.br\/portal\/#website\"},\"datePublished\":\"2017-04-04T10:14:42+00:00\",\"dateModified\":\"2020-01-27T13:15:12+00:00\",\"breadcrumb\":{\"@id\":\"https:\/\/www.paroquiavilaoperaria.org.br\/portal\/acoes-pastorias\/grupos\/grupo-de-liturgia\/#breadcrumb\"},\"inLanguage\":\"pt-BR\",\"potentialAction\":[{\"@type\":\"ReadAction\",\"target\":[\"https:\/\/www.paroquiavilaoperaria.org.br\/portal\/acoes-pastorias\/grupos\/grupo-de-liturgia\/\"]}]},{\"@type\":\"BreadcrumbList\",\"@id\":\"https:\/\/www.paroquiavilaoperaria.org.br\/portal\/acoes-pastorias\/grupos\/grupo-de-liturgia\/#breadcrumb\",\"itemListElement\":[{\"@type\":\"ListItem\",\"position\":1,\"name\":\"In\\u00edcio\",\"item\":\"https:\/\/www.paroquiavilaoperaria.org.br\/portal\/\"},{\"@type\":\"ListItem\",\"position\":2,\"name\":\"A\\u00e7\\u00f5es Pastorias\",\"item\":\"https:\/\/www.paroquiavilaoperaria.org.br\/portal\/acoes-pastorias\/\"},{\"@type\":\"ListItem\",\"position\":3,\"name\":\"Grupos\",\"item\":\"https:\/\/www.paroquiavilaoperaria.org.br\/portal\/acoes-pastorias\/grupos\/\"},{\"@type\":\"ListItem\",\"position\":4,\"name\":\"Grupo de Liturgia\"}]}]}<\/script>\n<!-- \/ Yoast SEO plugin. -->","yoast_head_json":{"title":"Grupo de Liturgia - Par\u00f3quia da Vila Oper\u00e1ria - Teresina - Piau\u00ed","robots":{"index":"index","follow":"follow","max-snippet":"max-snippet:-1","max-image-preview":"max-image-preview:large","max-video-preview":"max-video-preview:-1"},"canonical":"https:\/\/www.paroquiavilaoperaria.org.br\/portal\/acoes-pastorias\/grupos\/grupo-de-liturgia\/","og_locale":"pt_BR","og_type":"article","og_title":"Grupo de Liturgia - Par\u00f3quia da Vila Oper\u00e1ria - Teresina - Piau\u00ed","og_description":"Coordena\u00e7\u00e3o: Concei\u00e7\u00e3o Reuni\u00f5es: 2\u00aa e 4\u00aa segunda-feira, ap\u00f3s a missa das 19h no Centro de Forma\u00e7\u00e3o.","og_url":"https:\/\/www.paroquiavilaoperaria.org.br\/portal\/acoes-pastorias\/grupos\/grupo-de-liturgia\/","og_site_name":"Par\u00f3quia da Vila Oper\u00e1ria - Teresina - Piau\u00ed","article_publisher":"https:\/\/www.facebook.com\/Valdeci-Cavalcante-Advocacia-Assessoria-211334022240065\/","article_modified_time":"2020-01-27T13:15:12+00:00","twitter_card":"summary","schema":{"@context":"https:\/\/schema.org","@graph":[{"@type":"WebSite","@id":"https:\/\/www.paroquiavilaoperaria.org.br\/portal\/#website","url":"https:\/\/www.paroquiavilaoperaria.org.br\/portal\/","name":"Par\u00f3quia da Vila Oper\u00e1ria - Teresina - Piau\u00ed","description":"","potentialAction":[{"@type":"SearchAction","target":{"@type":"EntryPoint","urlTemplate":"https:\/\/www.paroquiavilaoperaria.org.br\/portal\/?s={search_term_string}"},"query-input":"required name=search_term_string"}],"inLanguage":"pt-BR"},{"@type":"WebPage","@id":"https:\/\/www.paroquiavilaoperaria.org.br\/portal\/acoes-pastorias\/grupos\/grupo-de-liturgia\/#webpage","url":"https:\/\/www.paroquiavilaoperaria.org.br\/portal\/acoes-pastorias\/grupos\/grupo-de-liturgia\/","name":"Grupo de Liturgia - Par\u00f3quia da Vila Oper\u00e1ria - Teresina - Piau\u00ed","isPartOf":{"@id":"https:\/\/www.paroquiavilaoperaria.org.br\/portal\/#website"},"datePublished":"2017-04-04T10:14:42+00:00","dateModified":"2020-01-27T13:15:12+00:00","breadcrumb":{"@id":"https:\/\/www.paroquiavilaoperaria.org.br\/portal\/acoes-pastorias\/grupos\/grupo-de-liturgia\/#breadcrumb"},"inLanguage":"pt-BR","potentialAction":[{"@type":"ReadAction","target":["https:\/\/www.paroquiavilaoperaria.org.br\/portal\/acoes-pastorias\/grupos\/grupo-de-liturgia\/"]}]},{"@type":"BreadcrumbList","@id":"https:\/\/www.paroquiavilaoperaria.org.br\/portal\/acoes-pastorias\/grupos\/grupo-de-liturgia\/#breadcrumb","itemListElement":[{"@type":"ListItem","position":1,"name":"In\u00edcio","item":"https:\/\/www.paroquiavilaoperaria.org.br\/portal\/"},{"@type":"ListItem","position":2,"name":"A\u00e7\u00f5es Pastorias","item":"https:\/\/www.paroquiavilaoperaria.org.br\/portal\/acoes-pastorias\/"},{"@type":"ListItem","position":3,"name":"Grupos","item":"https:\/\/www.paroquiavilaoperaria.org.br\/portal\/acoes-pastorias\/grupos\/"},{"@type":"ListItem","position":4,"name":"Grupo de Liturgia"}]}]}},"_links":{"self":[{"href":"https:\/\/www.paroquiavilaoperaria.org.br\/portal\/wp-json\/wp\/v2\/pages\/985"}],"collection":[{"href":"https:\/\/www.paroquiavilaoperaria.org.br\/portal\/wp-json\/wp\/v2\/pages"}],"about":[{"href":"https:\/\/www.paroquiavilaoperaria.org.br\/portal\/wp-json\/wp\/v2\/types\/page"}],"author":[{"embeddable":true,"href":"https:\/\/www.paroquiavilaoperaria.org.br\/portal\/wp-json\/wp\/v2\/users\/1"}],"replies":[{"embeddable":true,"href":"https:\/\/www.paroquiavilaoperaria.org.br\/portal\/wp-json\/wp\/v2\/comments?post=985"}],"version-history":[{"count":3,"href":"https:\/\/www.paroquiavilaoperaria.org.br\/portal\/wp-json\/wp\/v2\/pages\/985\/revisions"}],"predecessor-version":[{"id":2117,"href":"https:\/\/www.paroquiavilaoperaria.org.br\/portal\/wp-json\/wp\/v2\/pages\/985\/revisions\/2117"}],"up":[{"embeddable":true,"href":"https:\/\/www.paroquiavilaoperaria.org.br\/portal\/wp-json\/wp\/v2\/pages\/857"}],"wp:attachment":[{"href":"https:\/\/www.paroquiavilaoperaria.org.br\/portal\/wp-json\/wp\/v2\/media?parent=985"}],"curies":[{"name":"wp","href":"https:\/\/api.w.org\/{rel}","templated":true}]}}