{"id":980,"date":"2017-04-04T07:13:39","date_gmt":"2017-04-04T10:13:39","guid":{"rendered":"http:\/\/www.paroquiavilaoperaria.org.br\/portal\/?page_id=980"},"modified":"2017-04-10T11:06:29","modified_gmt":"2017-04-10T14:06:29","slug":"alcoolicos-anonimos","status":"publish","type":"page","link":"https:\/\/www.paroquiavilaoperaria.org.br\/portal\/acoes-pastorias\/grupos\/alcoolicos-anonimos\/","title":{"rendered":"Alco\u00f3licos An\u00f4nimos &#8211; AA"},"content":{"rendered":"<p style=\"text-align: justify;\"><a href=\"http:\/\/www.paroquiavilaoperaria.org.br\/portal\/wp-content\/uploads\/2017\/04\/01logotipos2.jpg\"><img loading=\"lazy\" decoding=\"async\" class=\"wp-image-1086 alignleft\" src=\"http:\/\/www.paroquiavilaoperaria.org.br\/portal\/wp-content\/uploads\/2017\/04\/01logotipos2-300x300.jpg\" alt=\"\" width=\"245\" height=\"245\" srcset=\"https:\/\/www.paroquiavilaoperaria.org.br\/portal\/wp-content\/uploads\/2017\/04\/01logotipos2-300x300.jpg 300w, https:\/\/www.paroquiavilaoperaria.org.br\/portal\/wp-content\/uploads\/2017\/04\/01logotipos2-150x150.jpg 150w, https:\/\/www.paroquiavilaoperaria.org.br\/portal\/wp-content\/uploads\/2017\/04\/01logotipos2-180x180.jpg 180w, https:\/\/www.paroquiavilaoperaria.org.br\/portal\/wp-content\/uploads\/2017\/04\/01logotipos2.jpg 495w\" sizes=\"(max-width: 245px) 100vw, 245px\" \/><\/a>Se a bebida parece estar lhe causando problemas, ou se seu beber chegou ao ponto de preocup\u00e1-lo<\/p>\n<p style=\"text-align: justify;\">um pouco, talvez lhe interesse saber algo sobre <a href=\"http:\/\/www.alcoolicosanonimos.org.br\/\" target=\"_blank\">Alco\u00f3licos An\u00f4nimos<\/a> e seu programa de recupera\u00e7\u00e3o do alcoolismo. Despois de ler estas considera\u00e7\u00f5es, voc\u00ea poder\u00e1 achar que o A.A. nada\u00a0tem a lhe oferecer. Nesse caso, sugerimos que, mantenha a mente aberta sobre o assunto. \u00c0 luz do que voc\u00ea aprender considere cuidadosamente seu h\u00e1bito de beber. Decida, por si mesmo, se o \u00e1lcool se tornou ou n\u00e3o um problema em sua vida. E lembre-se de que ser\u00e1 sempre bem-vindo entre os milhares de membros de A.A. quer resolveram seu problema de bebida e agora levam uma vida &#8220;normal&#8221; de construtiva sobriedade no dia-a-dia.<\/p>\n<p style=\"text-align: justify;\">Somos uma irmandade de homens e mulheres que compartilham suas experi\u00eancias, for\u00e7as e esperan\u00e7as, a fim de resolver seu problema comum e ajudar outros a se recuperarem do alcoolismo.<\/p>\n<p style=\"text-align: justify;\"><em>O \u00fanico requisito para se tornar membro \u00e9 o desejo de parar de beber.<\/em><\/p>\n<p style=\"text-align: justify;\">Para ser membro de A.A. n\u00e3o h\u00e1 taxas ou mensalidades; somos auto-suficientes, gra\u00e7as \u00e0s nossas pr\u00f3prias contribui\u00e7\u00f5es.<\/p>\n<p style=\"text-align: justify;\">A.A. n\u00e3o est\u00e1 ligada a nenhuma seita ou religi\u00e3o, nenhum movimento pol\u00edtico, nenhuma organiza\u00e7\u00e3o ou institui\u00e7\u00e3o; n\u00e3o deseja entrar em qualquer controv\u00e9rsia; n\u00e3o ap\u00f3ia nem combate quaisquer causas.<\/p>\n<p style=\"text-align: justify;\">Nosso prop\u00f3sito primordial \u00e9 mantermo-nos s\u00f3brios e ajudar outros alco\u00f3licos a alcan\u00e7arem a sobriedade.<\/p>\n<p style=\"text-align: justify;\"><strong>Hor\u00e1rios das reuni\u00f5es:<\/strong><\/p>\n<ul style=\"text-align: justify;\">\n<li>ter\u00e7as e sextas: 19h<\/li>\n<li>domingos: 10h.<\/li>\n<\/ul>\n<p style=\"text-align: justify;\"><strong>Local:<\/strong> Centro de Forma\u00e7\u00e3o S\u00e3o Jos\u00e9 Oper\u00e1rio.<\/p>\n","protected":false},"excerpt":{"rendered":"<p>Se a bebida parece estar lhe causando problemas, ou se seu beber chegou ao ponto de preocup\u00e1-lo um pouco, talvez lhe interesse saber algo sobre Alco\u00f3licos An\u00f4nimos e seu programa de recupera\u00e7\u00e3o do alcoolismo. Despois de ler estas considera\u00e7\u00f5es, voc\u00ea poder\u00e1 achar que o A.A. nada\u00a0tem a lhe oferecer. Nesse caso, sugerimos que, mantenha a &hellip;<\/p>\n","protected":false},"author":1,"featured_media":0,"parent":857,"menu_order":0,"comment_status":"closed","ping_status":"closed","template":"","meta":{"_acf_changed":false,"footnotes":""},"acf":[],"yoast_head":"<!-- This site is optimized with the Yoast SEO plugin v16.9 - https:\/\/yoast.com\/wordpress\/plugins\/seo\/ -->\n<title>Alco\u00f3licos An\u00f4nimos - AA - Par\u00f3quia da Vila Oper\u00e1ria - Teresina - Piau\u00ed<\/title>\n<meta name=\"robots\" content=\"index, follow, max-snippet:-1, max-image-preview:large, max-video-preview:-1\" \/>\n<link rel=\"canonical\" href=\"https:\/\/www.paroquiavilaoperaria.org.br\/portal\/acoes-pastorias\/grupos\/alcoolicos-anonimos\/\" \/>\n<meta property=\"og:locale\" content=\"pt_BR\" \/>\n<meta property=\"og:type\" content=\"article\" \/>\n<meta property=\"og:title\" content=\"Alco\u00f3licos An\u00f4nimos - AA - Par\u00f3quia da Vila Oper\u00e1ria - Teresina - Piau\u00ed\" \/>\n<meta property=\"og:description\" content=\"Se a bebida parece estar lhe causando problemas, ou se seu beber chegou ao ponto de preocup\u00e1-lo um pouco, talvez lhe interesse saber algo sobre Alco\u00f3licos An\u00f4nimos e seu programa de recupera\u00e7\u00e3o do alcoolismo. Despois de ler estas considera\u00e7\u00f5es, voc\u00ea poder\u00e1 achar que o A.A. nada\u00a0tem a lhe oferecer. Nesse caso, sugerimos que, mantenha a &hellip;\" \/>\n<meta property=\"og:url\" content=\"https:\/\/www.paroquiavilaoperaria.org.br\/portal\/acoes-pastorias\/grupos\/alcoolicos-anonimos\/\" \/>\n<meta property=\"og:site_name\" content=\"Par\u00f3quia da Vila Oper\u00e1ria - Teresina - Piau\u00ed\" \/>\n<meta property=\"article:publisher\" content=\"https:\/\/www.facebook.com\/Valdeci-Cavalcante-Advocacia-Assessoria-211334022240065\/\" \/>\n<meta property=\"article:modified_time\" content=\"2017-04-10T14:06:29+00:00\" \/>\n<meta property=\"og:image\" content=\"http:\/\/www.paroquiavilaoperaria.org.br\/portal\/wp-content\/uploads\/2017\/04\/01logotipos2-300x300.jpg\" \/>\n<meta name=\"twitter:card\" content=\"summary\" \/>\n<meta name=\"twitter:label1\" content=\"Est. tempo de leitura\" \/>\n\t<meta name=\"twitter:data1\" content=\"1 minuto\" \/>\n<script type=\"application\/ld+json\" class=\"yoast-schema-graph\">{\"@context\":\"https:\/\/schema.org\",\"@graph\":[{\"@type\":\"WebSite\",\"@id\":\"https:\/\/www.paroquiavilaoperaria.org.br\/portal\/#website\",\"url\":\"https:\/\/www.paroquiavilaoperaria.org.br\/portal\/\",\"name\":\"Par\\u00f3quia da Vila Oper\\u00e1ria - Teresina - Piau\\u00ed\",\"description\":\"\",\"potentialAction\":[{\"@type\":\"SearchAction\",\"target\":{\"@type\":\"EntryPoint\",\"urlTemplate\":\"https:\/\/www.paroquiavilaoperaria.org.br\/portal\/?s={search_term_string}\"},\"query-input\":\"required name=search_term_string\"}],\"inLanguage\":\"pt-BR\"},{\"@type\":\"ImageObject\",\"@id\":\"https:\/\/www.paroquiavilaoperaria.org.br\/portal\/acoes-pastorias\/grupos\/alcoolicos-anonimos\/#primaryimage\",\"inLanguage\":\"pt-BR\",\"url\":\"http:\/\/www.paroquiavilaoperaria.org.br\/portal\/wp-content\/uploads\/2017\/04\/01logotipos2-300x300.jpg\",\"contentUrl\":\"http:\/\/www.paroquiavilaoperaria.org.br\/portal\/wp-content\/uploads\/2017\/04\/01logotipos2-300x300.jpg\"},{\"@type\":\"WebPage\",\"@id\":\"https:\/\/www.paroquiavilaoperaria.org.br\/portal\/acoes-pastorias\/grupos\/alcoolicos-anonimos\/#webpage\",\"url\":\"https:\/\/www.paroquiavilaoperaria.org.br\/portal\/acoes-pastorias\/grupos\/alcoolicos-anonimos\/\",\"name\":\"Alco\\u00f3licos An\\u00f4nimos - AA - Par\\u00f3quia da Vila Oper\\u00e1ria - Teresina - Piau\\u00ed\",\"isPartOf\":{\"@id\":\"https:\/\/www.paroquiavilaoperaria.org.br\/portal\/#website\"},\"primaryImageOfPage\":{\"@id\":\"https:\/\/www.paroquiavilaoperaria.org.br\/portal\/acoes-pastorias\/grupos\/alcoolicos-anonimos\/#primaryimage\"},\"datePublished\":\"2017-04-04T10:13:39+00:00\",\"dateModified\":\"2017-04-10T14:06:29+00:00\",\"breadcrumb\":{\"@id\":\"https:\/\/www.paroquiavilaoperaria.org.br\/portal\/acoes-pastorias\/grupos\/alcoolicos-anonimos\/#breadcrumb\"},\"inLanguage\":\"pt-BR\",\"potentialAction\":[{\"@type\":\"ReadAction\",\"target\":[\"https:\/\/www.paroquiavilaoperaria.org.br\/portal\/acoes-pastorias\/grupos\/alcoolicos-anonimos\/\"]}]},{\"@type\":\"BreadcrumbList\",\"@id\":\"https:\/\/www.paroquiavilaoperaria.org.br\/portal\/acoes-pastorias\/grupos\/alcoolicos-anonimos\/#breadcrumb\",\"itemListElement\":[{\"@type\":\"ListItem\",\"position\":1,\"name\":\"In\\u00edcio\",\"item\":\"https:\/\/www.paroquiavilaoperaria.org.br\/portal\/\"},{\"@type\":\"ListItem\",\"position\":2,\"name\":\"A\\u00e7\\u00f5es Pastorias\",\"item\":\"https:\/\/www.paroquiavilaoperaria.org.br\/portal\/acoes-pastorias\/\"},{\"@type\":\"ListItem\",\"position\":3,\"name\":\"Grupos\",\"item\":\"https:\/\/www.paroquiavilaoperaria.org.br\/portal\/acoes-pastorias\/grupos\/\"},{\"@type\":\"ListItem\",\"position\":4,\"name\":\"Alco\\u00f3licos An\\u00f4nimos &#8211; AA\"}]}]}<\/script>\n<!-- \/ Yoast SEO plugin. -->","yoast_head_json":{"title":"Alco\u00f3licos An\u00f4nimos - AA - Par\u00f3quia da Vila Oper\u00e1ria - Teresina - Piau\u00ed","robots":{"index":"index","follow":"follow","max-snippet":"max-snippet:-1","max-image-preview":"max-image-preview:large","max-video-preview":"max-video-preview:-1"},"canonical":"https:\/\/www.paroquiavilaoperaria.org.br\/portal\/acoes-pastorias\/grupos\/alcoolicos-anonimos\/","og_locale":"pt_BR","og_type":"article","og_title":"Alco\u00f3licos An\u00f4nimos - AA - Par\u00f3quia da Vila Oper\u00e1ria - Teresina - Piau\u00ed","og_description":"Se a bebida parece estar lhe causando problemas, ou se seu beber chegou ao ponto de preocup\u00e1-lo um pouco, talvez lhe interesse saber algo sobre Alco\u00f3licos An\u00f4nimos e seu programa de recupera\u00e7\u00e3o do alcoolismo. Despois de ler estas considera\u00e7\u00f5es, voc\u00ea poder\u00e1 achar que o A.A. nada\u00a0tem a lhe oferecer. Nesse caso, sugerimos que, mantenha a &hellip;","og_url":"https:\/\/www.paroquiavilaoperaria.org.br\/portal\/acoes-pastorias\/grupos\/alcoolicos-anonimos\/","og_site_name":"Par\u00f3quia da Vila Oper\u00e1ria - Teresina - Piau\u00ed","article_publisher":"https:\/\/www.facebook.com\/Valdeci-Cavalcante-Advocacia-Assessoria-211334022240065\/","article_modified_time":"2017-04-10T14:06:29+00:00","og_image":[{"url":"http:\/\/www.paroquiavilaoperaria.org.br\/portal\/wp-content\/uploads\/2017\/04\/01logotipos2-300x300.jpg"}],"twitter_card":"summary","twitter_misc":{"Est. tempo de leitura":"1 minuto"},"schema":{"@context":"https:\/\/schema.org","@graph":[{"@type":"WebSite","@id":"https:\/\/www.paroquiavilaoperaria.org.br\/portal\/#website","url":"https:\/\/www.paroquiavilaoperaria.org.br\/portal\/","name":"Par\u00f3quia da Vila Oper\u00e1ria - Teresina - Piau\u00ed","description":"","potentialAction":[{"@type":"SearchAction","target":{"@type":"EntryPoint","urlTemplate":"https:\/\/www.paroquiavilaoperaria.org.br\/portal\/?s={search_term_string}"},"query-input":"required name=search_term_string"}],"inLanguage":"pt-BR"},{"@type":"ImageObject","@id":"https:\/\/www.paroquiavilaoperaria.org.br\/portal\/acoes-pastorias\/grupos\/alcoolicos-anonimos\/#primaryimage","inLanguage":"pt-BR","url":"http:\/\/www.paroquiavilaoperaria.org.br\/portal\/wp-content\/uploads\/2017\/04\/01logotipos2-300x300.jpg","contentUrl":"http:\/\/www.paroquiavilaoperaria.org.br\/portal\/wp-content\/uploads\/2017\/04\/01logotipos2-300x300.jpg"},{"@type":"WebPage","@id":"https:\/\/www.paroquiavilaoperaria.org.br\/portal\/acoes-pastorias\/grupos\/alcoolicos-anonimos\/#webpage","url":"https:\/\/www.paroquiavilaoperaria.org.br\/portal\/acoes-pastorias\/grupos\/alcoolicos-anonimos\/","name":"Alco\u00f3licos An\u00f4nimos - AA - Par\u00f3quia da Vila Oper\u00e1ria - Teresina - Piau\u00ed","isPartOf":{"@id":"https:\/\/www.paroquiavilaoperaria.org.br\/portal\/#website"},"primaryImageOfPage":{"@id":"https:\/\/www.paroquiavilaoperaria.org.br\/portal\/acoes-pastorias\/grupos\/alcoolicos-anonimos\/#primaryimage"},"datePublished":"2017-04-04T10:13:39+00:00","dateModified":"2017-04-10T14:06:29+00:00","breadcrumb":{"@id":"https:\/\/www.paroquiavilaoperaria.org.br\/portal\/acoes-pastorias\/grupos\/alcoolicos-anonimos\/#breadcrumb"},"inLanguage":"pt-BR","potentialAction":[{"@type":"ReadAction","target":["https:\/\/www.paroquiavilaoperaria.org.br\/portal\/acoes-pastorias\/grupos\/alcoolicos-anonimos\/"]}]},{"@type":"BreadcrumbList","@id":"https:\/\/www.paroquiavilaoperaria.org.br\/portal\/acoes-pastorias\/grupos\/alcoolicos-anonimos\/#breadcrumb","itemListElement":[{"@type":"ListItem","position":1,"name":"In\u00edcio","item":"https:\/\/www.paroquiavilaoperaria.org.br\/portal\/"},{"@type":"ListItem","position":2,"name":"A\u00e7\u00f5es Pastorias","item":"https:\/\/www.paroquiavilaoperaria.org.br\/portal\/acoes-pastorias\/"},{"@type":"ListItem","position":3,"name":"Grupos","item":"https:\/\/www.paroquiavilaoperaria.org.br\/portal\/acoes-pastorias\/grupos\/"},{"@type":"ListItem","position":4,"name":"Alco\u00f3licos An\u00f4nimos &#8211; AA"}]}]}},"_links":{"self":[{"href":"https:\/\/www.paroquiavilaoperaria.org.br\/portal\/wp-json\/wp\/v2\/pages\/980"}],"collection":[{"href":"https:\/\/www.paroquiavilaoperaria.org.br\/portal\/wp-json\/wp\/v2\/pages"}],"about":[{"href":"https:\/\/www.paroquiavilaoperaria.org.br\/portal\/wp-json\/wp\/v2\/types\/page"}],"author":[{"embeddable":true,"href":"https:\/\/www.paroquiavilaoperaria.org.br\/portal\/wp-json\/wp\/v2\/users\/1"}],"replies":[{"embeddable":true,"href":"https:\/\/www.paroquiavilaoperaria.org.br\/portal\/wp-json\/wp\/v2\/comments?post=980"}],"version-history":[{"count":3,"href":"https:\/\/www.paroquiavilaoperaria.org.br\/portal\/wp-json\/wp\/v2\/pages\/980\/revisions"}],"predecessor-version":[{"id":1087,"href":"https:\/\/www.paroquiavilaoperaria.org.br\/portal\/wp-json\/wp\/v2\/pages\/980\/revisions\/1087"}],"up":[{"embeddable":true,"href":"https:\/\/www.paroquiavilaoperaria.org.br\/portal\/wp-json\/wp\/v2\/pages\/857"}],"wp:attachment":[{"href":"https:\/\/www.paroquiavilaoperaria.org.br\/portal\/wp-json\/wp\/v2\/media?parent=980"}],"curies":[{"name":"wp","href":"https:\/\/api.w.org\/{rel}","templated":true}]}}