{"id":978,"date":"2017-04-04T07:12:37","date_gmt":"2017-04-04T10:12:37","guid":{"rendered":"http:\/\/www.paroquiavilaoperaria.org.br\/portal\/?page_id=978"},"modified":"2017-05-21T08:12:50","modified_gmt":"2017-05-21T11:12:50","slug":"apostolado-da-oracao","status":"publish","type":"page","link":"https:\/\/www.paroquiavilaoperaria.org.br\/portal\/apostolado-da-oracao\/","title":{"rendered":"Apostolado da Ora\u00e7\u00e3o"},"content":{"rendered":"<p style=\"text-align: justify;\">\u00a0Coordena\u00e7\u00e3o: Na\u00edde<\/p>\n<p style=\"text-align: justify;\"><strong>O que \u00e9 o Apostolado da Ora\u00e7\u00e3o (AO)?<\/strong> No livro dos estatutos do <a href=\"http:\/\/www.loyola.com.br\/ao\/\" target=\"_blank\" rel=\"noopener noreferrer\">AO<\/a>, encontramos esta defini\u00e7\u00e3o: &#8220;O AO constitui a uni\u00e3o dos fi\u00e9is que, por meio do oferecimento cotidiano de si mesmos, se juntam ao Sacrif\u00edcio Eucar\u00edstico, no qual se exerce continuamente a obra de nossa reden\u00e7\u00e3o, e desta forma, pela uni\u00e3o vital de\u00a0Cristo, da qual depende a fecundidade apost\u00f3lica, colaboram na salva\u00e7\u00e3o do mundo&#8221;. Em resumo,<\/p>\n<div id=\"attachment_331\" class=\"wp-caption alignleft\" style=\"text-align: justify;\">\n<p><a href=\"http:\/\/www.paroquiavilaoperaria.org.br\/wp-content\/uploads\/2012\/11\/bandeira-e-faixa-do-ao.jpg\"><img loading=\"lazy\" decoding=\"async\" class=\" wp-image-331\" title=\"bandeira e faixa do Apostolado da Ora\u00e7\u00e3o\" src=\"http:\/\/www.paroquiavilaoperaria.org.br\/wp-content\/uploads\/2012\/11\/bandeira-e-faixa-do-ao-232x300.jpg\" alt=\"\" width=\"167\" height=\"216\" \/><\/a><\/p>\n<p class=\"wp-caption-text\">Bandeira e faixa do AO<\/p>\n<\/div>\n<p style=\"text-align: justify;\"><strong>O APOSTOLADO DA ORA\u00c7\u00c3O:<\/strong> \u2022 Prop\u00f5e um caminho rumo \u00e0 santidade \u2022 A partir do oferecimento di\u00e1rio \u2022 Que transforma nossa vida \u2022 E nos coloca em comunh\u00e3o universal de preces \u2022 Pela for\u00e7a do Esp\u00edrito Santo que habita em nossos cora\u00e7\u00f5es, \u2022 E nos impele a vivenciar os mesmos sentimentos do Cora\u00e7\u00e3o de Jesus \u2022 Para que, alimentados e modelados por Ele na Eucaristia, \u2022 E reconciliados com Ele pelo sacramento da Reconcilia\u00e7\u00e3o, \u2022 Possamos colocar-nos plenamente, de cora\u00e7\u00e3o inteiro, a seu servi\u00e7o e a servi\u00e7o da Igreja, a exemplo de Maria, para que seu Reino venha a n\u00f3s, hoje, amanh\u00e3 e sempre. <strong>O que \u00e9 ser um membro do AO?<\/strong> \u00c9 ser uma pessoa associada ao AO com o desejo de viver esta espiritualidade. <strong>Coordenadoras:<\/strong> Nailde 3221-9032 \/ Socorro 3223-6417<\/p>\n","protected":false},"excerpt":{"rendered":"<p>\u00a0Coordena\u00e7\u00e3o: Na\u00edde O que \u00e9 o Apostolado da Ora\u00e7\u00e3o (AO)? No livro dos estatutos do AO, encontramos esta defini\u00e7\u00e3o: &#8220;O AO constitui a uni\u00e3o dos fi\u00e9is que, por meio do oferecimento cotidiano de si mesmos, se juntam ao Sacrif\u00edcio Eucar\u00edstico, no qual se exerce continuamente a obra de nossa reden\u00e7\u00e3o, e desta forma, pela uni\u00e3o &hellip;<\/p>\n","protected":false},"author":1,"featured_media":0,"parent":0,"menu_order":0,"comment_status":"closed","ping_status":"closed","template":"","meta":{"_acf_changed":false,"footnotes":""},"acf":[],"yoast_head":"<!-- This site is optimized with the Yoast SEO plugin v16.9 - https:\/\/yoast.com\/wordpress\/plugins\/seo\/ -->\n<title>Apostolado da Ora\u00e7\u00e3o - Par\u00f3quia da Vila Oper\u00e1ria - Teresina - Piau\u00ed<\/title>\n<meta name=\"robots\" content=\"index, follow, max-snippet:-1, max-image-preview:large, max-video-preview:-1\" \/>\n<link rel=\"canonical\" href=\"https:\/\/www.paroquiavilaoperaria.org.br\/portal\/apostolado-da-oracao\/\" \/>\n<meta property=\"og:locale\" content=\"pt_BR\" \/>\n<meta property=\"og:type\" content=\"article\" \/>\n<meta property=\"og:title\" content=\"Apostolado da Ora\u00e7\u00e3o - Par\u00f3quia da Vila Oper\u00e1ria - Teresina - Piau\u00ed\" \/>\n<meta property=\"og:description\" content=\"\u00a0Coordena\u00e7\u00e3o: Na\u00edde O que \u00e9 o Apostolado da Ora\u00e7\u00e3o (AO)? No livro dos estatutos do AO, encontramos esta defini\u00e7\u00e3o: &#8220;O AO constitui a uni\u00e3o dos fi\u00e9is que, por meio do oferecimento cotidiano de si mesmos, se juntam ao Sacrif\u00edcio Eucar\u00edstico, no qual se exerce continuamente a obra de nossa reden\u00e7\u00e3o, e desta forma, pela uni\u00e3o &hellip;\" \/>\n<meta property=\"og:url\" content=\"https:\/\/www.paroquiavilaoperaria.org.br\/portal\/apostolado-da-oracao\/\" \/>\n<meta property=\"og:site_name\" content=\"Par\u00f3quia da Vila Oper\u00e1ria - Teresina - Piau\u00ed\" \/>\n<meta property=\"article:publisher\" content=\"https:\/\/www.facebook.com\/Valdeci-Cavalcante-Advocacia-Assessoria-211334022240065\/\" \/>\n<meta property=\"article:modified_time\" content=\"2017-05-21T11:12:50+00:00\" \/>\n<meta property=\"og:image\" content=\"http:\/\/www.paroquiavilaoperaria.org.br\/wp-content\/uploads\/2012\/11\/bandeira-e-faixa-do-ao-232x300.jpg\" \/>\n<meta name=\"twitter:card\" content=\"summary\" \/>\n<meta name=\"twitter:label1\" content=\"Est. tempo de leitura\" \/>\n\t<meta name=\"twitter:data1\" content=\"1 minuto\" \/>\n<script type=\"application\/ld+json\" class=\"yoast-schema-graph\">{\"@context\":\"https:\/\/schema.org\",\"@graph\":[{\"@type\":\"WebSite\",\"@id\":\"https:\/\/www.paroquiavilaoperaria.org.br\/portal\/#website\",\"url\":\"https:\/\/www.paroquiavilaoperaria.org.br\/portal\/\",\"name\":\"Par\\u00f3quia da Vila Oper\\u00e1ria - Teresina - Piau\\u00ed\",\"description\":\"\",\"potentialAction\":[{\"@type\":\"SearchAction\",\"target\":{\"@type\":\"EntryPoint\",\"urlTemplate\":\"https:\/\/www.paroquiavilaoperaria.org.br\/portal\/?s={search_term_string}\"},\"query-input\":\"required name=search_term_string\"}],\"inLanguage\":\"pt-BR\"},{\"@type\":\"ImageObject\",\"@id\":\"https:\/\/www.paroquiavilaoperaria.org.br\/portal\/apostolado-da-oracao\/#primaryimage\",\"inLanguage\":\"pt-BR\",\"url\":\"http:\/\/www.paroquiavilaoperaria.org.br\/wp-content\/uploads\/2012\/11\/bandeira-e-faixa-do-ao-232x300.jpg\",\"contentUrl\":\"http:\/\/www.paroquiavilaoperaria.org.br\/wp-content\/uploads\/2012\/11\/bandeira-e-faixa-do-ao-232x300.jpg\"},{\"@type\":\"WebPage\",\"@id\":\"https:\/\/www.paroquiavilaoperaria.org.br\/portal\/apostolado-da-oracao\/#webpage\",\"url\":\"https:\/\/www.paroquiavilaoperaria.org.br\/portal\/apostolado-da-oracao\/\",\"name\":\"Apostolado da Ora\\u00e7\\u00e3o - Par\\u00f3quia da Vila Oper\\u00e1ria - Teresina - Piau\\u00ed\",\"isPartOf\":{\"@id\":\"https:\/\/www.paroquiavilaoperaria.org.br\/portal\/#website\"},\"primaryImageOfPage\":{\"@id\":\"https:\/\/www.paroquiavilaoperaria.org.br\/portal\/apostolado-da-oracao\/#primaryimage\"},\"datePublished\":\"2017-04-04T10:12:37+00:00\",\"dateModified\":\"2017-05-21T11:12:50+00:00\",\"breadcrumb\":{\"@id\":\"https:\/\/www.paroquiavilaoperaria.org.br\/portal\/apostolado-da-oracao\/#breadcrumb\"},\"inLanguage\":\"pt-BR\",\"potentialAction\":[{\"@type\":\"ReadAction\",\"target\":[\"https:\/\/www.paroquiavilaoperaria.org.br\/portal\/apostolado-da-oracao\/\"]}]},{\"@type\":\"BreadcrumbList\",\"@id\":\"https:\/\/www.paroquiavilaoperaria.org.br\/portal\/apostolado-da-oracao\/#breadcrumb\",\"itemListElement\":[{\"@type\":\"ListItem\",\"position\":1,\"name\":\"In\\u00edcio\",\"item\":\"https:\/\/www.paroquiavilaoperaria.org.br\/portal\/\"},{\"@type\":\"ListItem\",\"position\":2,\"name\":\"Apostolado da Ora\\u00e7\\u00e3o\"}]}]}<\/script>\n<!-- \/ Yoast SEO plugin. -->","yoast_head_json":{"title":"Apostolado da Ora\u00e7\u00e3o - Par\u00f3quia da Vila Oper\u00e1ria - Teresina - Piau\u00ed","robots":{"index":"index","follow":"follow","max-snippet":"max-snippet:-1","max-image-preview":"max-image-preview:large","max-video-preview":"max-video-preview:-1"},"canonical":"https:\/\/www.paroquiavilaoperaria.org.br\/portal\/apostolado-da-oracao\/","og_locale":"pt_BR","og_type":"article","og_title":"Apostolado da Ora\u00e7\u00e3o - Par\u00f3quia da Vila Oper\u00e1ria - Teresina - Piau\u00ed","og_description":"\u00a0Coordena\u00e7\u00e3o: Na\u00edde O que \u00e9 o Apostolado da Ora\u00e7\u00e3o (AO)? No livro dos estatutos do AO, encontramos esta defini\u00e7\u00e3o: &#8220;O AO constitui a uni\u00e3o dos fi\u00e9is que, por meio do oferecimento cotidiano de si mesmos, se juntam ao Sacrif\u00edcio Eucar\u00edstico, no qual se exerce continuamente a obra de nossa reden\u00e7\u00e3o, e desta forma, pela uni\u00e3o &hellip;","og_url":"https:\/\/www.paroquiavilaoperaria.org.br\/portal\/apostolado-da-oracao\/","og_site_name":"Par\u00f3quia da Vila Oper\u00e1ria - Teresina - Piau\u00ed","article_publisher":"https:\/\/www.facebook.com\/Valdeci-Cavalcante-Advocacia-Assessoria-211334022240065\/","article_modified_time":"2017-05-21T11:12:50+00:00","og_image":[{"url":"http:\/\/www.paroquiavilaoperaria.org.br\/wp-content\/uploads\/2012\/11\/bandeira-e-faixa-do-ao-232x300.jpg"}],"twitter_card":"summary","twitter_misc":{"Est. tempo de leitura":"1 minuto"},"schema":{"@context":"https:\/\/schema.org","@graph":[{"@type":"WebSite","@id":"https:\/\/www.paroquiavilaoperaria.org.br\/portal\/#website","url":"https:\/\/www.paroquiavilaoperaria.org.br\/portal\/","name":"Par\u00f3quia da Vila Oper\u00e1ria - Teresina - Piau\u00ed","description":"","potentialAction":[{"@type":"SearchAction","target":{"@type":"EntryPoint","urlTemplate":"https:\/\/www.paroquiavilaoperaria.org.br\/portal\/?s={search_term_string}"},"query-input":"required name=search_term_string"}],"inLanguage":"pt-BR"},{"@type":"ImageObject","@id":"https:\/\/www.paroquiavilaoperaria.org.br\/portal\/apostolado-da-oracao\/#primaryimage","inLanguage":"pt-BR","url":"http:\/\/www.paroquiavilaoperaria.org.br\/wp-content\/uploads\/2012\/11\/bandeira-e-faixa-do-ao-232x300.jpg","contentUrl":"http:\/\/www.paroquiavilaoperaria.org.br\/wp-content\/uploads\/2012\/11\/bandeira-e-faixa-do-ao-232x300.jpg"},{"@type":"WebPage","@id":"https:\/\/www.paroquiavilaoperaria.org.br\/portal\/apostolado-da-oracao\/#webpage","url":"https:\/\/www.paroquiavilaoperaria.org.br\/portal\/apostolado-da-oracao\/","name":"Apostolado da Ora\u00e7\u00e3o - Par\u00f3quia da Vila Oper\u00e1ria - Teresina - Piau\u00ed","isPartOf":{"@id":"https:\/\/www.paroquiavilaoperaria.org.br\/portal\/#website"},"primaryImageOfPage":{"@id":"https:\/\/www.paroquiavilaoperaria.org.br\/portal\/apostolado-da-oracao\/#primaryimage"},"datePublished":"2017-04-04T10:12:37+00:00","dateModified":"2017-05-21T11:12:50+00:00","breadcrumb":{"@id":"https:\/\/www.paroquiavilaoperaria.org.br\/portal\/apostolado-da-oracao\/#breadcrumb"},"inLanguage":"pt-BR","potentialAction":[{"@type":"ReadAction","target":["https:\/\/www.paroquiavilaoperaria.org.br\/portal\/apostolado-da-oracao\/"]}]},{"@type":"BreadcrumbList","@id":"https:\/\/www.paroquiavilaoperaria.org.br\/portal\/apostolado-da-oracao\/#breadcrumb","itemListElement":[{"@type":"ListItem","position":1,"name":"In\u00edcio","item":"https:\/\/www.paroquiavilaoperaria.org.br\/portal\/"},{"@type":"ListItem","position":2,"name":"Apostolado da Ora\u00e7\u00e3o"}]}]}},"_links":{"self":[{"href":"https:\/\/www.paroquiavilaoperaria.org.br\/portal\/wp-json\/wp\/v2\/pages\/978"}],"collection":[{"href":"https:\/\/www.paroquiavilaoperaria.org.br\/portal\/wp-json\/wp\/v2\/pages"}],"about":[{"href":"https:\/\/www.paroquiavilaoperaria.org.br\/portal\/wp-json\/wp\/v2\/types\/page"}],"author":[{"embeddable":true,"href":"https:\/\/www.paroquiavilaoperaria.org.br\/portal\/wp-json\/wp\/v2\/users\/1"}],"replies":[{"embeddable":true,"href":"https:\/\/www.paroquiavilaoperaria.org.br\/portal\/wp-json\/wp\/v2\/comments?post=978"}],"version-history":[{"count":3,"href":"https:\/\/www.paroquiavilaoperaria.org.br\/portal\/wp-json\/wp\/v2\/pages\/978\/revisions"}],"predecessor-version":[{"id":1226,"href":"https:\/\/www.paroquiavilaoperaria.org.br\/portal\/wp-json\/wp\/v2\/pages\/978\/revisions\/1226"}],"wp:attachment":[{"href":"https:\/\/www.paroquiavilaoperaria.org.br\/portal\/wp-json\/wp\/v2\/media?parent=978"}],"curies":[{"name":"wp","href":"https:\/\/api.w.org\/{rel}","templated":true}]}}