{"id":949,"date":"2017-03-31T08:26:20","date_gmt":"2017-03-31T11:26:20","guid":{"rendered":"http:\/\/www.paroquiavilaoperaria.org.br\/portal\/?page_id=949"},"modified":"2018-10-13T13:45:02","modified_gmt":"2018-10-13T16:45:02","slug":"pastoral-do-batismo","status":"publish","type":"page","link":"https:\/\/www.paroquiavilaoperaria.org.br\/portal\/acoes-pastorias\/pastorais\/pastoral-do-batismo\/","title":{"rendered":"Pastoral do Batismo"},"content":{"rendered":"<p><a href=\"http:\/\/www.paroquiavilaoperaria.org.br\/portal\/wp-content\/uploads\/2018\/10\/CALENDA?RIO-BATISMO-ARQUIDIOCESE.pdf\">CALENDA?RIO-BATISMO-ARQUIDIOCESE<\/a> <a href=\"http:\/\/www.paroquiavilaoperaria.org.br\/portal\/wp-content\/uploads\/2018\/10\/CALEND\u00c1RIO-BATISMO-A3-1.pdf\">CALEND\u00c1RIO BATISMO A3<\/a><\/p>\n<p><a href=\"http:\/\/www.paroquiavilaoperaria.org.br\/portal\/wp-content\/uploads\/2018\/10\/CALENDA?RIO-BATISMO-ARQUIDIOCESE-2.jpg\"><img loading=\"lazy\" decoding=\"async\" class=\"alignleft size-medium wp-image-1671\" src=\"http:\/\/www.paroquiavilaoperaria.org.br\/portal\/wp-content\/uploads\/2018\/10\/CALENDA?RIO-BATISMO-ARQUIDIOCESE-2.jpg\" alt=\"\" width=\"1\" height=\"1\" \/><\/a><\/p>\n<p><a href=\"http:\/\/www.paroquiavilaoperaria.org.br\/portal\/wp-content\/uploads\/2018\/10\/CALEND\u00c1RIO-BATISMO-A3-1.jpg\"><img loading=\"lazy\" decoding=\"async\" class=\"alignleft size-medium wp-image-1673\" src=\"http:\/\/www.paroquiavilaoperaria.org.br\/portal\/wp-content\/uploads\/2018\/10\/CALEND\u00c1RIO-BATISMO-A3-1-174x300.jpg\" alt=\"\" width=\"174\" height=\"300\" srcset=\"https:\/\/www.paroquiavilaoperaria.org.br\/portal\/wp-content\/uploads\/2018\/10\/CALEND\u00c1RIO-BATISMO-A3-1-174x300.jpg 174w, https:\/\/www.paroquiavilaoperaria.org.br\/portal\/wp-content\/uploads\/2018\/10\/CALEND\u00c1RIO-BATISMO-A3-1-768x1321.jpg 768w, https:\/\/www.paroquiavilaoperaria.org.br\/portal\/wp-content\/uploads\/2018\/10\/CALEND\u00c1RIO-BATISMO-A3-1-595x1024.jpg 595w, https:\/\/www.paroquiavilaoperaria.org.br\/portal\/wp-content\/uploads\/2018\/10\/CALEND\u00c1RIO-BATISMO-A3-1-600x1032.jpg 600w\" sizes=\"(max-width: 174px) 100vw, 174px\" \/><\/a> <a href=\"http:\/\/www.paroquiavilaoperaria.org.br\/portal\/wp-content\/uploads\/2018\/10\/CALEND\u00c1RIO-BATISMO-A3.jpg\"><img loading=\"lazy\" decoding=\"async\" class=\"alignleft size-medium wp-image-1667\" src=\"http:\/\/www.paroquiavilaoperaria.org.br\/portal\/wp-content\/uploads\/2018\/10\/CALEND\u00c1RIO-BATISMO-A3-174x300.jpg\" alt=\"\" width=\"174\" height=\"300\" srcset=\"https:\/\/www.paroquiavilaoperaria.org.br\/portal\/wp-content\/uploads\/2018\/10\/CALEND\u00c1RIO-BATISMO-A3-174x300.jpg 174w, https:\/\/www.paroquiavilaoperaria.org.br\/portal\/wp-content\/uploads\/2018\/10\/CALEND\u00c1RIO-BATISMO-A3-768x1321.jpg 768w, https:\/\/www.paroquiavilaoperaria.org.br\/portal\/wp-content\/uploads\/2018\/10\/CALEND\u00c1RIO-BATISMO-A3-595x1024.jpg 595w, https:\/\/www.paroquiavilaoperaria.org.br\/portal\/wp-content\/uploads\/2018\/10\/CALEND\u00c1RIO-BATISMO-A3-600x1032.jpg 600w\" sizes=\"(max-width: 174px) 100vw, 174px\" \/><\/a><\/p>\n<p>&nbsp;<\/p>\n<p>&nbsp;<\/p>\n<p>&nbsp;<\/p>\n<p>&nbsp;<\/p>\n<p>&nbsp;<\/p>\n<p>&nbsp;<\/p>\n<p>&nbsp;<\/p>\n<p>&nbsp;<\/p>\n<p>&nbsp;<\/p>\n<p>&nbsp;<\/p>\n<p>&nbsp;<\/p>\n<p>Alberto : 9 9435-5441<\/p>\n","protected":false},"excerpt":{"rendered":"<p>CALENDA?RIO-BATISMO-ARQUIDIOCESE CALEND\u00c1RIO BATISMO A3 &nbsp; &nbsp; &nbsp; &nbsp; &nbsp; &nbsp; &nbsp; &nbsp; &nbsp; &nbsp; &nbsp; Alberto : 9 9435-5441<\/p>\n","protected":false},"author":1,"featured_media":0,"parent":855,"menu_order":0,"comment_status":"closed","ping_status":"closed","template":"","meta":{"_acf_changed":false,"footnotes":""},"acf":[],"yoast_head":"<!-- This site is optimized with the Yoast SEO plugin v16.9 - https:\/\/yoast.com\/wordpress\/plugins\/seo\/ -->\n<title>Pastoral do Batismo - Par\u00f3quia da Vila Oper\u00e1ria - Teresina - Piau\u00ed<\/title>\n<meta name=\"robots\" content=\"index, follow, max-snippet:-1, max-image-preview:large, max-video-preview:-1\" \/>\n<link rel=\"canonical\" href=\"https:\/\/www.paroquiavilaoperaria.org.br\/portal\/acoes-pastorias\/pastorais\/pastoral-do-batismo\/\" \/>\n<meta property=\"og:locale\" content=\"pt_BR\" \/>\n<meta property=\"og:type\" content=\"article\" \/>\n<meta property=\"og:title\" content=\"Pastoral do Batismo - Par\u00f3quia da Vila Oper\u00e1ria - Teresina - Piau\u00ed\" \/>\n<meta property=\"og:description\" content=\"CALENDA?RIO-BATISMO-ARQUIDIOCESE CALEND\u00c1RIO BATISMO A3 &nbsp; &nbsp; &nbsp; &nbsp; &nbsp; &nbsp; &nbsp; &nbsp; &nbsp; &nbsp; &nbsp; Alberto : 9 9435-5441\" \/>\n<meta property=\"og:url\" content=\"https:\/\/www.paroquiavilaoperaria.org.br\/portal\/acoes-pastorias\/pastorais\/pastoral-do-batismo\/\" \/>\n<meta property=\"og:site_name\" content=\"Par\u00f3quia da Vila Oper\u00e1ria - Teresina - Piau\u00ed\" \/>\n<meta property=\"article:publisher\" content=\"https:\/\/www.facebook.com\/Valdeci-Cavalcante-Advocacia-Assessoria-211334022240065\/\" \/>\n<meta property=\"article:modified_time\" content=\"2018-10-13T16:45:02+00:00\" \/>\n<meta property=\"og:image\" content=\"http:\/\/www.paroquiavilaoperaria.org.br\/portal\/wp-content\/uploads\/2018\/10\/CALENDA?RIO-BATISMO-ARQUIDIOCESE-2.jpg\" \/>\n<meta name=\"twitter:card\" content=\"summary\" \/>\n<script type=\"application\/ld+json\" class=\"yoast-schema-graph\">{\"@context\":\"https:\/\/schema.org\",\"@graph\":[{\"@type\":\"WebSite\",\"@id\":\"https:\/\/www.paroquiavilaoperaria.org.br\/portal\/#website\",\"url\":\"https:\/\/www.paroquiavilaoperaria.org.br\/portal\/\",\"name\":\"Par\\u00f3quia da Vila Oper\\u00e1ria - Teresina - Piau\\u00ed\",\"description\":\"\",\"potentialAction\":[{\"@type\":\"SearchAction\",\"target\":{\"@type\":\"EntryPoint\",\"urlTemplate\":\"https:\/\/www.paroquiavilaoperaria.org.br\/portal\/?s={search_term_string}\"},\"query-input\":\"required name=search_term_string\"}],\"inLanguage\":\"pt-BR\"},{\"@type\":\"ImageObject\",\"@id\":\"https:\/\/www.paroquiavilaoperaria.org.br\/portal\/acoes-pastorias\/pastorais\/pastoral-do-batismo\/#primaryimage\",\"inLanguage\":\"pt-BR\",\"url\":\"http:\/\/www.paroquiavilaoperaria.org.br\/portal\/wp-content\/uploads\/2018\/10\/CALENDA?RIO-BATISMO-ARQUIDIOCESE-2.jpg\",\"contentUrl\":\"http:\/\/www.paroquiavilaoperaria.org.br\/portal\/wp-content\/uploads\/2018\/10\/CALENDA?RIO-BATISMO-ARQUIDIOCESE-2.jpg\"},{\"@type\":\"WebPage\",\"@id\":\"https:\/\/www.paroquiavilaoperaria.org.br\/portal\/acoes-pastorias\/pastorais\/pastoral-do-batismo\/#webpage\",\"url\":\"https:\/\/www.paroquiavilaoperaria.org.br\/portal\/acoes-pastorias\/pastorais\/pastoral-do-batismo\/\",\"name\":\"Pastoral do Batismo - Par\\u00f3quia da Vila Oper\\u00e1ria - Teresina - Piau\\u00ed\",\"isPartOf\":{\"@id\":\"https:\/\/www.paroquiavilaoperaria.org.br\/portal\/#website\"},\"primaryImageOfPage\":{\"@id\":\"https:\/\/www.paroquiavilaoperaria.org.br\/portal\/acoes-pastorias\/pastorais\/pastoral-do-batismo\/#primaryimage\"},\"datePublished\":\"2017-03-31T11:26:20+00:00\",\"dateModified\":\"2018-10-13T16:45:02+00:00\",\"breadcrumb\":{\"@id\":\"https:\/\/www.paroquiavilaoperaria.org.br\/portal\/acoes-pastorias\/pastorais\/pastoral-do-batismo\/#breadcrumb\"},\"inLanguage\":\"pt-BR\",\"potentialAction\":[{\"@type\":\"ReadAction\",\"target\":[\"https:\/\/www.paroquiavilaoperaria.org.br\/portal\/acoes-pastorias\/pastorais\/pastoral-do-batismo\/\"]}]},{\"@type\":\"BreadcrumbList\",\"@id\":\"https:\/\/www.paroquiavilaoperaria.org.br\/portal\/acoes-pastorias\/pastorais\/pastoral-do-batismo\/#breadcrumb\",\"itemListElement\":[{\"@type\":\"ListItem\",\"position\":1,\"name\":\"In\\u00edcio\",\"item\":\"https:\/\/www.paroquiavilaoperaria.org.br\/portal\/\"},{\"@type\":\"ListItem\",\"position\":2,\"name\":\"A\\u00e7\\u00f5es Pastorias\",\"item\":\"https:\/\/www.paroquiavilaoperaria.org.br\/portal\/acoes-pastorias\/\"},{\"@type\":\"ListItem\",\"position\":3,\"name\":\"Pastorais\",\"item\":\"https:\/\/www.paroquiavilaoperaria.org.br\/portal\/acoes-pastorias\/pastorais\/\"},{\"@type\":\"ListItem\",\"position\":4,\"name\":\"Pastoral do Batismo\"}]}]}<\/script>\n<!-- \/ Yoast SEO plugin. -->","yoast_head_json":{"title":"Pastoral do Batismo - Par\u00f3quia da Vila Oper\u00e1ria - Teresina - Piau\u00ed","robots":{"index":"index","follow":"follow","max-snippet":"max-snippet:-1","max-image-preview":"max-image-preview:large","max-video-preview":"max-video-preview:-1"},"canonical":"https:\/\/www.paroquiavilaoperaria.org.br\/portal\/acoes-pastorias\/pastorais\/pastoral-do-batismo\/","og_locale":"pt_BR","og_type":"article","og_title":"Pastoral do Batismo - Par\u00f3quia da Vila Oper\u00e1ria - Teresina - Piau\u00ed","og_description":"CALENDA?RIO-BATISMO-ARQUIDIOCESE CALEND\u00c1RIO BATISMO A3 &nbsp; &nbsp; &nbsp; &nbsp; &nbsp; &nbsp; &nbsp; &nbsp; &nbsp; &nbsp; &nbsp; Alberto : 9 9435-5441","og_url":"https:\/\/www.paroquiavilaoperaria.org.br\/portal\/acoes-pastorias\/pastorais\/pastoral-do-batismo\/","og_site_name":"Par\u00f3quia da Vila Oper\u00e1ria - Teresina - Piau\u00ed","article_publisher":"https:\/\/www.facebook.com\/Valdeci-Cavalcante-Advocacia-Assessoria-211334022240065\/","article_modified_time":"2018-10-13T16:45:02+00:00","og_image":[{"url":"http:\/\/www.paroquiavilaoperaria.org.br\/portal\/wp-content\/uploads\/2018\/10\/CALENDA?RIO-BATISMO-ARQUIDIOCESE-2.jpg"}],"twitter_card":"summary","schema":{"@context":"https:\/\/schema.org","@graph":[{"@type":"WebSite","@id":"https:\/\/www.paroquiavilaoperaria.org.br\/portal\/#website","url":"https:\/\/www.paroquiavilaoperaria.org.br\/portal\/","name":"Par\u00f3quia da Vila Oper\u00e1ria - Teresina - Piau\u00ed","description":"","potentialAction":[{"@type":"SearchAction","target":{"@type":"EntryPoint","urlTemplate":"https:\/\/www.paroquiavilaoperaria.org.br\/portal\/?s={search_term_string}"},"query-input":"required name=search_term_string"}],"inLanguage":"pt-BR"},{"@type":"ImageObject","@id":"https:\/\/www.paroquiavilaoperaria.org.br\/portal\/acoes-pastorias\/pastorais\/pastoral-do-batismo\/#primaryimage","inLanguage":"pt-BR","url":"http:\/\/www.paroquiavilaoperaria.org.br\/portal\/wp-content\/uploads\/2018\/10\/CALENDA?RIO-BATISMO-ARQUIDIOCESE-2.jpg","contentUrl":"http:\/\/www.paroquiavilaoperaria.org.br\/portal\/wp-content\/uploads\/2018\/10\/CALENDA?RIO-BATISMO-ARQUIDIOCESE-2.jpg"},{"@type":"WebPage","@id":"https:\/\/www.paroquiavilaoperaria.org.br\/portal\/acoes-pastorias\/pastorais\/pastoral-do-batismo\/#webpage","url":"https:\/\/www.paroquiavilaoperaria.org.br\/portal\/acoes-pastorias\/pastorais\/pastoral-do-batismo\/","name":"Pastoral do Batismo - Par\u00f3quia da Vila Oper\u00e1ria - Teresina - Piau\u00ed","isPartOf":{"@id":"https:\/\/www.paroquiavilaoperaria.org.br\/portal\/#website"},"primaryImageOfPage":{"@id":"https:\/\/www.paroquiavilaoperaria.org.br\/portal\/acoes-pastorias\/pastorais\/pastoral-do-batismo\/#primaryimage"},"datePublished":"2017-03-31T11:26:20+00:00","dateModified":"2018-10-13T16:45:02+00:00","breadcrumb":{"@id":"https:\/\/www.paroquiavilaoperaria.org.br\/portal\/acoes-pastorias\/pastorais\/pastoral-do-batismo\/#breadcrumb"},"inLanguage":"pt-BR","potentialAction":[{"@type":"ReadAction","target":["https:\/\/www.paroquiavilaoperaria.org.br\/portal\/acoes-pastorias\/pastorais\/pastoral-do-batismo\/"]}]},{"@type":"BreadcrumbList","@id":"https:\/\/www.paroquiavilaoperaria.org.br\/portal\/acoes-pastorias\/pastorais\/pastoral-do-batismo\/#breadcrumb","itemListElement":[{"@type":"ListItem","position":1,"name":"In\u00edcio","item":"https:\/\/www.paroquiavilaoperaria.org.br\/portal\/"},{"@type":"ListItem","position":2,"name":"A\u00e7\u00f5es Pastorias","item":"https:\/\/www.paroquiavilaoperaria.org.br\/portal\/acoes-pastorias\/"},{"@type":"ListItem","position":3,"name":"Pastorais","item":"https:\/\/www.paroquiavilaoperaria.org.br\/portal\/acoes-pastorias\/pastorais\/"},{"@type":"ListItem","position":4,"name":"Pastoral do Batismo"}]}]}},"_links":{"self":[{"href":"https:\/\/www.paroquiavilaoperaria.org.br\/portal\/wp-json\/wp\/v2\/pages\/949"}],"collection":[{"href":"https:\/\/www.paroquiavilaoperaria.org.br\/portal\/wp-json\/wp\/v2\/pages"}],"about":[{"href":"https:\/\/www.paroquiavilaoperaria.org.br\/portal\/wp-json\/wp\/v2\/types\/page"}],"author":[{"embeddable":true,"href":"https:\/\/www.paroquiavilaoperaria.org.br\/portal\/wp-json\/wp\/v2\/users\/1"}],"replies":[{"embeddable":true,"href":"https:\/\/www.paroquiavilaoperaria.org.br\/portal\/wp-json\/wp\/v2\/comments?post=949"}],"version-history":[{"count":4,"href":"https:\/\/www.paroquiavilaoperaria.org.br\/portal\/wp-json\/wp\/v2\/pages\/949\/revisions"}],"predecessor-version":[{"id":1676,"href":"https:\/\/www.paroquiavilaoperaria.org.br\/portal\/wp-json\/wp\/v2\/pages\/949\/revisions\/1676"}],"up":[{"embeddable":true,"href":"https:\/\/www.paroquiavilaoperaria.org.br\/portal\/wp-json\/wp\/v2\/pages\/855"}],"wp:attachment":[{"href":"https:\/\/www.paroquiavilaoperaria.org.br\/portal\/wp-json\/wp\/v2\/media?parent=949"}],"curies":[{"name":"wp","href":"https:\/\/api.w.org\/{rel}","templated":true}]}}