{"id":945,"date":"2017-03-31T08:25:28","date_gmt":"2017-03-31T11:25:28","guid":{"rendered":"http:\/\/www.paroquiavilaoperaria.org.br\/portal\/?page_id=945"},"modified":"2017-03-31T09:21:59","modified_gmt":"2017-03-31T12:21:59","slug":"pastoral-da-crianca","status":"publish","type":"page","link":"https:\/\/www.paroquiavilaoperaria.org.br\/portal\/acoes-pastorias\/pastorais\/pastoral-da-crianca\/","title":{"rendered":"Pastoral da Crian\u00e7a"},"content":{"rendered":"<p style=\"text-align: justify;\"><a href=\"http:\/\/www.paroquiavilaoperaria.org.br\/portal\/wp-content\/uploads\/2017\/03\/logoPASTORAL-DA-CRIAN\u00c7A-300x248.jpg\"><img loading=\"lazy\" decoding=\"async\" class=\"alignleft size-full wp-image-976\" src=\"http:\/\/www.paroquiavilaoperaria.org.br\/portal\/wp-content\/uploads\/2017\/03\/logoPASTORAL-DA-CRIAN\u00c7A-300x248.jpg\" alt=\"\" width=\"300\" height=\"248\" \/><\/a>A Pastoral da Crian\u00e7a \u00e9 reconhecida como uma das mais importantes organiza\u00e7\u00f5es em todo o mundo a trabalhar em a\u00e7\u00f5es de combate \u00e0 mortalidade infantil e melhoria da qualidade de vida das crian\u00e7as e suas fam\u00edlias. Organismo de a\u00e7\u00e3o social da <a title=\"Site da CNBB\" href=\"http:\/\/www.cnbb.org.br\/site\/\" target=\"_blank\">Confer\u00eancia Nacional dos Bispos do Brasil (CNBB)<\/a>, a Pastoral da Crian\u00e7a \u00e9 uma institui\u00e7\u00e3o de base comunit\u00e1ria que tem seu trabalho baseado na solidariedade e na partilha do saber.<\/p>\n<p style=\"text-align: justify;\">Tem como objetivo promover o desenvolvimento integral das crian\u00e7as pobres, da concep\u00e7\u00e3o aos seis anos de idade, em seu contexto familiar e comunit\u00e1rio, a partir de a\u00e7\u00f5es preventivas de sa\u00fade, nutri\u00e7\u00e3o, educa\u00e7\u00e3o e cidadania, realizadas por mais de 228 mil volunt\u00e1rios capacitados. Tamb\u00e9m promove, em fun\u00e7\u00e3o das crian\u00e7as, as fam\u00edlias e as comunidades, sem distin\u00e7\u00e3o de ra\u00e7a, cor, profiss\u00e3o, nacionalidade, sexo, credo religioso ou pol\u00edtico.<\/p>\n<p style=\"text-align: justify;\">Criada em 1983, a Pastoral da Crian\u00e7a \u2013 hoje presente em todo o Brasil e em mais 19 pa\u00edses \u2013 alicer\u00e7a sua atua\u00e7\u00e3o na organiza\u00e7\u00e3o da comunidade e na capacita\u00e7\u00e3o de l\u00edderes volunt\u00e1rios que ali vivem e assumem a tarefa de orientar e acompanhar as fam\u00edlias vizinhas para que elas se tornem protagonistas de sua pr\u00f3pria transforma\u00e7\u00e3o pessoal e social.<\/p>\n<p style=\"text-align: justify;\">As a\u00e7\u00f5es desenvolvidas comp\u00f5em um conjunto de pr\u00e1ticas educativas simples, baratas e facilmente replic\u00e1veis, focalizadas na capacita\u00e7\u00e3o das fam\u00edlias para os cuidados com a crian\u00e7a. O processo e o impacto desse trabalho pode ser mensurado pelos indicadores de sa\u00fade e de educa\u00e7\u00e3o. Conhe\u00e7a mais sobre os indicadores clicando no Menu Sistema de Informa\u00e7\u00e3o.<\/p>\n<p style=\"text-align: justify;\">Sabe-se que a maior parte dos problemas de sa\u00fade podem ser solucionados na fam\u00edlia e na comunidade desde que as pessoas aprendam a identificar as doen\u00e7as e a procurar os recursos o mais cedo poss\u00edvel. Para tanto, a educa\u00e7\u00e3o para a sa\u00fade \u00e9 essencial, pois torna o indiv\u00edduo ator dos cuidados com a sua pr\u00f3pria vida, consequentemente melhorando a sa\u00fade de sua fam\u00edlia e de sua comunidade.<\/p>\n<p style=\"text-align: justify;\">Ao longo de quase tr\u00eas d\u00e9cadas, a entidade ganhou import\u00e2ncia e reconhecimento da sociedade. A Pastoral da Crian\u00e7a participa de v\u00e1rias inst\u00e2ncias de decis\u00e3o sobre pol\u00edticas p\u00fablicas, e em v\u00e1rios n\u00edveis de governo, como os conselhos de sa\u00fade, direitos da crian\u00e7a e do adolescente, assist\u00eancia social e seguran\u00e7a alimentar.<\/p>\n<p style=\"text-align: justify;\">Um dos muitos diferenciais da organiza\u00e7\u00e3o \u00e9 o permanente monitoramento das a\u00e7\u00f5es e resultados, atrav\u00e9s de um eficiente Sistema de Informa\u00e7\u00e3o. Outro \u00e9 a transpar\u00eancia nas demonstra\u00e7\u00f5es financeiras. A estrutura administrativa na Coordena\u00e7\u00e3o Nacional, em Curitiba, \u00e9 a mais simples e \u00e1gil poss\u00edvel. Essas s\u00e3o ferramentas importantes para assegurar o apoio das fontes financiadoras e acompanhamento de milhares de crian\u00e7as e gestantes a um custo muito baixo.<\/p>\n","protected":false},"excerpt":{"rendered":"<p>A Pastoral da Crian\u00e7a \u00e9 reconhecida como uma das mais importantes organiza\u00e7\u00f5es em todo o mundo a trabalhar em a\u00e7\u00f5es de combate \u00e0 mortalidade infantil e melhoria da qualidade de vida das crian\u00e7as e suas fam\u00edlias. Organismo de a\u00e7\u00e3o social da Confer\u00eancia Nacional dos Bispos do Brasil (CNBB), a Pastoral da Crian\u00e7a \u00e9 uma institui\u00e7\u00e3o &hellip;<\/p>\n","protected":false},"author":1,"featured_media":0,"parent":855,"menu_order":0,"comment_status":"closed","ping_status":"closed","template":"","meta":{"_acf_changed":false,"footnotes":""},"acf":[],"yoast_head":"<!-- This site is optimized with the Yoast SEO plugin v16.9 - https:\/\/yoast.com\/wordpress\/plugins\/seo\/ -->\n<title>Pastoral da Crian\u00e7a - Par\u00f3quia da Vila Oper\u00e1ria - Teresina - Piau\u00ed<\/title>\n<meta name=\"robots\" content=\"index, follow, max-snippet:-1, max-image-preview:large, max-video-preview:-1\" \/>\n<link rel=\"canonical\" href=\"https:\/\/www.paroquiavilaoperaria.org.br\/portal\/acoes-pastorias\/pastorais\/pastoral-da-crianca\/\" \/>\n<meta property=\"og:locale\" content=\"pt_BR\" \/>\n<meta property=\"og:type\" content=\"article\" \/>\n<meta property=\"og:title\" content=\"Pastoral da Crian\u00e7a - Par\u00f3quia da Vila Oper\u00e1ria - Teresina - Piau\u00ed\" \/>\n<meta property=\"og:description\" content=\"A Pastoral da Crian\u00e7a \u00e9 reconhecida como uma das mais importantes organiza\u00e7\u00f5es em todo o mundo a trabalhar em a\u00e7\u00f5es de combate \u00e0 mortalidade infantil e melhoria da qualidade de vida das crian\u00e7as e suas fam\u00edlias. Organismo de a\u00e7\u00e3o social da Confer\u00eancia Nacional dos Bispos do Brasil (CNBB), a Pastoral da Crian\u00e7a \u00e9 uma institui\u00e7\u00e3o &hellip;\" \/>\n<meta property=\"og:url\" content=\"https:\/\/www.paroquiavilaoperaria.org.br\/portal\/acoes-pastorias\/pastorais\/pastoral-da-crianca\/\" \/>\n<meta property=\"og:site_name\" content=\"Par\u00f3quia da Vila Oper\u00e1ria - Teresina - Piau\u00ed\" \/>\n<meta property=\"article:publisher\" content=\"https:\/\/www.facebook.com\/Valdeci-Cavalcante-Advocacia-Assessoria-211334022240065\/\" \/>\n<meta property=\"article:modified_time\" content=\"2017-03-31T12:21:59+00:00\" \/>\n<meta property=\"og:image\" content=\"http:\/\/www.paroquiavilaoperaria.org.br\/portal\/wp-content\/uploads\/2017\/03\/logoPASTORAL-DA-CRIAN\u00c7A-300x248.jpg\" \/>\n<meta name=\"twitter:card\" content=\"summary\" \/>\n<meta name=\"twitter:label1\" content=\"Est. tempo de leitura\" \/>\n\t<meta name=\"twitter:data1\" content=\"3 minutos\" \/>\n<script type=\"application\/ld+json\" class=\"yoast-schema-graph\">{\"@context\":\"https:\/\/schema.org\",\"@graph\":[{\"@type\":\"WebSite\",\"@id\":\"https:\/\/www.paroquiavilaoperaria.org.br\/portal\/#website\",\"url\":\"https:\/\/www.paroquiavilaoperaria.org.br\/portal\/\",\"name\":\"Par\\u00f3quia da Vila Oper\\u00e1ria - Teresina - Piau\\u00ed\",\"description\":\"\",\"potentialAction\":[{\"@type\":\"SearchAction\",\"target\":{\"@type\":\"EntryPoint\",\"urlTemplate\":\"https:\/\/www.paroquiavilaoperaria.org.br\/portal\/?s={search_term_string}\"},\"query-input\":\"required name=search_term_string\"}],\"inLanguage\":\"pt-BR\"},{\"@type\":\"ImageObject\",\"@id\":\"https:\/\/www.paroquiavilaoperaria.org.br\/portal\/acoes-pastorias\/pastorais\/pastoral-da-crianca\/#primaryimage\",\"inLanguage\":\"pt-BR\",\"url\":\"http:\/\/www.paroquiavilaoperaria.org.br\/portal\/wp-content\/uploads\/2017\/03\/logoPASTORAL-DA-CRIAN\\u00c7A-300x248.jpg\",\"contentUrl\":\"http:\/\/www.paroquiavilaoperaria.org.br\/portal\/wp-content\/uploads\/2017\/03\/logoPASTORAL-DA-CRIAN\\u00c7A-300x248.jpg\"},{\"@type\":\"WebPage\",\"@id\":\"https:\/\/www.paroquiavilaoperaria.org.br\/portal\/acoes-pastorias\/pastorais\/pastoral-da-crianca\/#webpage\",\"url\":\"https:\/\/www.paroquiavilaoperaria.org.br\/portal\/acoes-pastorias\/pastorais\/pastoral-da-crianca\/\",\"name\":\"Pastoral da Crian\\u00e7a - Par\\u00f3quia da Vila Oper\\u00e1ria - Teresina - Piau\\u00ed\",\"isPartOf\":{\"@id\":\"https:\/\/www.paroquiavilaoperaria.org.br\/portal\/#website\"},\"primaryImageOfPage\":{\"@id\":\"https:\/\/www.paroquiavilaoperaria.org.br\/portal\/acoes-pastorias\/pastorais\/pastoral-da-crianca\/#primaryimage\"},\"datePublished\":\"2017-03-31T11:25:28+00:00\",\"dateModified\":\"2017-03-31T12:21:59+00:00\",\"breadcrumb\":{\"@id\":\"https:\/\/www.paroquiavilaoperaria.org.br\/portal\/acoes-pastorias\/pastorais\/pastoral-da-crianca\/#breadcrumb\"},\"inLanguage\":\"pt-BR\",\"potentialAction\":[{\"@type\":\"ReadAction\",\"target\":[\"https:\/\/www.paroquiavilaoperaria.org.br\/portal\/acoes-pastorias\/pastorais\/pastoral-da-crianca\/\"]}]},{\"@type\":\"BreadcrumbList\",\"@id\":\"https:\/\/www.paroquiavilaoperaria.org.br\/portal\/acoes-pastorias\/pastorais\/pastoral-da-crianca\/#breadcrumb\",\"itemListElement\":[{\"@type\":\"ListItem\",\"position\":1,\"name\":\"In\\u00edcio\",\"item\":\"https:\/\/www.paroquiavilaoperaria.org.br\/portal\/\"},{\"@type\":\"ListItem\",\"position\":2,\"name\":\"A\\u00e7\\u00f5es Pastorias\",\"item\":\"https:\/\/www.paroquiavilaoperaria.org.br\/portal\/acoes-pastorias\/\"},{\"@type\":\"ListItem\",\"position\":3,\"name\":\"Pastorais\",\"item\":\"https:\/\/www.paroquiavilaoperaria.org.br\/portal\/acoes-pastorias\/pastorais\/\"},{\"@type\":\"ListItem\",\"position\":4,\"name\":\"Pastoral da Crian\\u00e7a\"}]}]}<\/script>\n<!-- \/ Yoast SEO plugin. -->","yoast_head_json":{"title":"Pastoral da Crian\u00e7a - Par\u00f3quia da Vila Oper\u00e1ria - Teresina - Piau\u00ed","robots":{"index":"index","follow":"follow","max-snippet":"max-snippet:-1","max-image-preview":"max-image-preview:large","max-video-preview":"max-video-preview:-1"},"canonical":"https:\/\/www.paroquiavilaoperaria.org.br\/portal\/acoes-pastorias\/pastorais\/pastoral-da-crianca\/","og_locale":"pt_BR","og_type":"article","og_title":"Pastoral da Crian\u00e7a - Par\u00f3quia da Vila Oper\u00e1ria - Teresina - Piau\u00ed","og_description":"A Pastoral da Crian\u00e7a \u00e9 reconhecida como uma das mais importantes organiza\u00e7\u00f5es em todo o mundo a trabalhar em a\u00e7\u00f5es de combate \u00e0 mortalidade infantil e melhoria da qualidade de vida das crian\u00e7as e suas fam\u00edlias. Organismo de a\u00e7\u00e3o social da Confer\u00eancia Nacional dos Bispos do Brasil (CNBB), a Pastoral da Crian\u00e7a \u00e9 uma institui\u00e7\u00e3o &hellip;","og_url":"https:\/\/www.paroquiavilaoperaria.org.br\/portal\/acoes-pastorias\/pastorais\/pastoral-da-crianca\/","og_site_name":"Par\u00f3quia da Vila Oper\u00e1ria - Teresina - Piau\u00ed","article_publisher":"https:\/\/www.facebook.com\/Valdeci-Cavalcante-Advocacia-Assessoria-211334022240065\/","article_modified_time":"2017-03-31T12:21:59+00:00","og_image":[{"url":"http:\/\/www.paroquiavilaoperaria.org.br\/portal\/wp-content\/uploads\/2017\/03\/logoPASTORAL-DA-CRIAN\u00c7A-300x248.jpg"}],"twitter_card":"summary","twitter_misc":{"Est. tempo de leitura":"3 minutos"},"schema":{"@context":"https:\/\/schema.org","@graph":[{"@type":"WebSite","@id":"https:\/\/www.paroquiavilaoperaria.org.br\/portal\/#website","url":"https:\/\/www.paroquiavilaoperaria.org.br\/portal\/","name":"Par\u00f3quia da Vila Oper\u00e1ria - Teresina - Piau\u00ed","description":"","potentialAction":[{"@type":"SearchAction","target":{"@type":"EntryPoint","urlTemplate":"https:\/\/www.paroquiavilaoperaria.org.br\/portal\/?s={search_term_string}"},"query-input":"required name=search_term_string"}],"inLanguage":"pt-BR"},{"@type":"ImageObject","@id":"https:\/\/www.paroquiavilaoperaria.org.br\/portal\/acoes-pastorias\/pastorais\/pastoral-da-crianca\/#primaryimage","inLanguage":"pt-BR","url":"http:\/\/www.paroquiavilaoperaria.org.br\/portal\/wp-content\/uploads\/2017\/03\/logoPASTORAL-DA-CRIAN\u00c7A-300x248.jpg","contentUrl":"http:\/\/www.paroquiavilaoperaria.org.br\/portal\/wp-content\/uploads\/2017\/03\/logoPASTORAL-DA-CRIAN\u00c7A-300x248.jpg"},{"@type":"WebPage","@id":"https:\/\/www.paroquiavilaoperaria.org.br\/portal\/acoes-pastorias\/pastorais\/pastoral-da-crianca\/#webpage","url":"https:\/\/www.paroquiavilaoperaria.org.br\/portal\/acoes-pastorias\/pastorais\/pastoral-da-crianca\/","name":"Pastoral da Crian\u00e7a - Par\u00f3quia da Vila Oper\u00e1ria - Teresina - Piau\u00ed","isPartOf":{"@id":"https:\/\/www.paroquiavilaoperaria.org.br\/portal\/#website"},"primaryImageOfPage":{"@id":"https:\/\/www.paroquiavilaoperaria.org.br\/portal\/acoes-pastorias\/pastorais\/pastoral-da-crianca\/#primaryimage"},"datePublished":"2017-03-31T11:25:28+00:00","dateModified":"2017-03-31T12:21:59+00:00","breadcrumb":{"@id":"https:\/\/www.paroquiavilaoperaria.org.br\/portal\/acoes-pastorias\/pastorais\/pastoral-da-crianca\/#breadcrumb"},"inLanguage":"pt-BR","potentialAction":[{"@type":"ReadAction","target":["https:\/\/www.paroquiavilaoperaria.org.br\/portal\/acoes-pastorias\/pastorais\/pastoral-da-crianca\/"]}]},{"@type":"BreadcrumbList","@id":"https:\/\/www.paroquiavilaoperaria.org.br\/portal\/acoes-pastorias\/pastorais\/pastoral-da-crianca\/#breadcrumb","itemListElement":[{"@type":"ListItem","position":1,"name":"In\u00edcio","item":"https:\/\/www.paroquiavilaoperaria.org.br\/portal\/"},{"@type":"ListItem","position":2,"name":"A\u00e7\u00f5es Pastorias","item":"https:\/\/www.paroquiavilaoperaria.org.br\/portal\/acoes-pastorias\/"},{"@type":"ListItem","position":3,"name":"Pastorais","item":"https:\/\/www.paroquiavilaoperaria.org.br\/portal\/acoes-pastorias\/pastorais\/"},{"@type":"ListItem","position":4,"name":"Pastoral da Crian\u00e7a"}]}]}},"_links":{"self":[{"href":"https:\/\/www.paroquiavilaoperaria.org.br\/portal\/wp-json\/wp\/v2\/pages\/945"}],"collection":[{"href":"https:\/\/www.paroquiavilaoperaria.org.br\/portal\/wp-json\/wp\/v2\/pages"}],"about":[{"href":"https:\/\/www.paroquiavilaoperaria.org.br\/portal\/wp-json\/wp\/v2\/types\/page"}],"author":[{"embeddable":true,"href":"https:\/\/www.paroquiavilaoperaria.org.br\/portal\/wp-json\/wp\/v2\/users\/1"}],"replies":[{"embeddable":true,"href":"https:\/\/www.paroquiavilaoperaria.org.br\/portal\/wp-json\/wp\/v2\/comments?post=945"}],"version-history":[{"count":2,"href":"https:\/\/www.paroquiavilaoperaria.org.br\/portal\/wp-json\/wp\/v2\/pages\/945\/revisions"}],"predecessor-version":[{"id":977,"href":"https:\/\/www.paroquiavilaoperaria.org.br\/portal\/wp-json\/wp\/v2\/pages\/945\/revisions\/977"}],"up":[{"embeddable":true,"href":"https:\/\/www.paroquiavilaoperaria.org.br\/portal\/wp-json\/wp\/v2\/pages\/855"}],"wp:attachment":[{"href":"https:\/\/www.paroquiavilaoperaria.org.br\/portal\/wp-json\/wp\/v2\/media?parent=945"}],"curies":[{"name":"wp","href":"https:\/\/api.w.org\/{rel}","templated":true}]}}