{"id":93,"date":"2015-07-08T09:53:52","date_gmt":"2015-07-08T12:53:52","guid":{"rendered":"http:\/\/xml-io.proteusthemes.com\/legalpress\/?page_id=93"},"modified":"2017-05-20T09:44:42","modified_gmt":"2017-05-20T12:44:42","slug":"quem-somos","status":"publish","type":"page","link":"https:\/\/www.paroquiavilaoperaria.org.br\/portal\/a-paroquia\/quem-somos\/","title":{"rendered":"Quem Somos"},"content":{"rendered":"<div id=\"pl-93\"  class=\"panel-layout\" ><div id=\"pg-93-0\"  class=\"panel-grid panel-no-style\" ><div id=\"pgc-93-0-0\"  class=\"panel-grid-cell\" ><div id=\"panel-93-0-0-0\" class=\"so-panel widget widget_black-studio-tinymce widget_black_studio_tinymce panel-first-child panel-last-child\" data-index=\"0\" ><div class=\"textwidget\"><p style=\"text-align: justify;\">A Par\u00f3quia de S\u00e3o Jos\u00e9 Oper\u00e1rio foi fundada em 1 de Maio de 1957. \u00a0Sua hist\u00f3ria \u00e9 de muita f\u00e9 e devo\u00e7\u00e3o.<br \/> Com um territ\u00f3rio Paroquial que abrange 6 comunidades no entorno da Igreja Matriz, na Vila Oper\u00e1ria, a Par\u00f3quia de S\u00e3o Jos\u00e9 Oper\u00e1rio \u00e9 administrada pelos padres Redentoristas e est\u00e1 vinculada \u00e0 Vice-Prov\u00edncia de Fortaleza.<\/p>\n<p style=\"text-align: justify;\">Em sua estrutura, al\u00e9m das 5 capelas instaladas nas comunidades e da Igreja Matriz , tamb\u00e9m est\u00e1 o Centro de Forma\u00e7\u00e3o S\u00e3o Jos\u00e9 Oper\u00e1rio e a Casa Paroquial que abriga os mission\u00e1rios redentoristas.<\/p>\n<p style=\"text-align: justify;\"><strong>:: S\u00e3o Jos\u00e9 Oper\u00e1rio \u2013 o oper\u00e1rio de Nazar\u00e9 ::.<\/strong><\/p>\n<p style=\"text-align: justify;\">A Igreja, providencialmente, nesta data civil marcada, muitas vezes, por conflitos e revoltas sociais, cristianizou esta festa, isso na presen\u00e7a de mais de 200 mil pessoas na Pra\u00e7a de S\u00e3o Pedro, as quais gritavam alegremente: \u201cViva Cristo trabalhador, vivam os trabalhadores, viva o Papa!\u201d O Papa, em 1955, deu aos trabalhadores um protetor e modelo: S\u00e3o Jos\u00e9, o oper\u00e1rio de Nazar\u00e9.<\/p>\n<p style=\"text-align: justify;\">O sant\u00edssimo S\u00e3o Jos\u00e9, protetor da Igreja Universal, assumiu este compromisso de n\u00e3o deixar que nenhum trabalhador de f\u00e9 \u2013 do campo, ind\u00fastria, aut\u00f4nomo ou n\u00e3o, mulher ou homem \u2013 esque\u00e7a-se de que ao seu lado est\u00e3o Jesus e Maria. A Igreja, nesta festa do trabalho, autorizada pelo Papa Pio XII, deu um lindo parecer sobre todo esfor\u00e7o humano que gera, d\u00e1 a luz e faz crescer obras produzidas pelo homem: <em>\u201cQueremos reafirmar, em forma solene, a dignidade do trabalho a fim de que inspire na vida social as leis da equitativa reparti\u00e7\u00e3o de direitos e deveres.\u201d<\/em><\/p>\n<p style=\"text-align: justify;\">S\u00e3o Jos\u00e9, que na B\u00edblia \u00e9 reconhecido como um homem justo, \u00e9 quem revela com sua vida que o Deus que trabalha sem cessar na santifica\u00e7\u00e3o de Suas obras, \u00e9 o mais desejoso de trabalhos santificados: <em>\u201cSeja qual for o vosso trabalho, fazei-o de boa vontade, como para o Senhor, e n\u00e3o para os homens, cientes de que recebereis do Senhor a heran\u00e7a como recompensa\u2026 O Senhor \u00e9 Cristo\u201d<\/em> (Col 3,23-24).<\/p>\n<p style=\"text-align: justify;\">O dia dedicado \u00e0 S\u00e3o Jos\u00e9 Oper\u00e1rio \u00e9 \u00a01\u00ba de maio.<\/p>\n<p style=\"text-align: justify;\"><em>S\u00e3o Jos\u00e9 Oper\u00e1rio, rogai por n\u00f3s!<\/em><\/p>\n<p style=\"text-align: justify;\"><strong>.:: SECRETARIA DA PAR\u00d3QUIA ::.<\/strong><\/p>\n<p style=\"text-align: justify;\">Rua Gabriel Ferreira , 18 32 , Vila Oper\u00e1ria<br \/> Telefone: (86) 2106-0880<br \/> 64002-350<br \/> Teresina \u2013 Piau\u00ed<\/p>\n<\/div><\/div><\/div><div id=\"pgc-93-0-1\"  class=\"panel-grid-cell\" ><div id=\"panel-93-0-1-0\" class=\"so-panel widget widget_black-studio-tinymce widget_black_studio_tinymce panel-first-child panel-last-child\" data-index=\"1\" ><div class=\"textwidget\"><p><a href=\"http:\/\/www.paroquiavilaoperaria.org.br\/portal\/wp-content\/uploads\/2015\/07\/paroquia-quem-somos.jpg\"><img loading=\"lazy\" decoding=\"async\" class=\"alignleft wp-image-806 size-full\" src=\"http:\/\/www.paroquiavilaoperaria.org.br\/portal\/wp-content\/uploads\/2015\/07\/paroquia-quem-somos.jpg\" alt=\"\" width=\"1000\" height=\"702\" srcset=\"https:\/\/www.paroquiavilaoperaria.org.br\/portal\/wp-content\/uploads\/2015\/07\/paroquia-quem-somos.jpg 1000w, https:\/\/www.paroquiavilaoperaria.org.br\/portal\/wp-content\/uploads\/2015\/07\/paroquia-quem-somos-300x211.jpg 300w, https:\/\/www.paroquiavilaoperaria.org.br\/portal\/wp-content\/uploads\/2015\/07\/paroquia-quem-somos-768x539.jpg 768w, https:\/\/www.paroquiavilaoperaria.org.br\/portal\/wp-content\/uploads\/2015\/07\/paroquia-quem-somos-100x70.jpg 100w\" sizes=\"(max-width: 1000px) 100vw, 1000px\" \/><\/a><br \/> <a href=\"http:\/\/www.paroquiavilaoperaria.org.br\/portal\/wp-content\/uploads\/2015\/07\/paroquia-quem-somos2.jpg\"><img loading=\"lazy\" decoding=\"async\" class=\"alignleft wp-image-807 size-full\" src=\"http:\/\/www.paroquiavilaoperaria.org.br\/portal\/wp-content\/uploads\/2015\/07\/paroquia-quem-somos2.jpg\" alt=\"\" width=\"500\" height=\"331\" srcset=\"https:\/\/www.paroquiavilaoperaria.org.br\/portal\/wp-content\/uploads\/2015\/07\/paroquia-quem-somos2.jpg 500w, https:\/\/www.paroquiavilaoperaria.org.br\/portal\/wp-content\/uploads\/2015\/07\/paroquia-quem-somos2-300x199.jpg 300w\" sizes=\"(max-width: 500px) 100vw, 500px\" \/><\/a><\/p>\n<\/div><\/div><\/div><\/div><\/div>","protected":false},"excerpt":{"rendered":"<p>A Par\u00f3quia de S\u00e3o Jos\u00e9 Oper\u00e1rio foi fundada em 1 de Maio de 1957.  Sua hist\u00f3ria \u00e9 de muita f\u00e9 e devo\u00e7\u00e3o. Com um territ\u00f3rio Paroquial que abrange 6 comunidades no entorno da Igreja Matriz<\/p>\n","protected":false},"author":1,"featured_media":820,"parent":740,"menu_order":0,"comment_status":"closed","ping_status":"closed","template":"","meta":{"_acf_changed":false,"footnotes":""},"acf":[],"yoast_head":"<!-- This site is optimized with the Yoast SEO plugin v16.9 - https:\/\/yoast.com\/wordpress\/plugins\/seo\/ -->\n<title>Quem Somos - Par\u00f3quia da Vila Oper\u00e1ria - Teresina - Piau\u00ed<\/title>\n<meta name=\"robots\" content=\"index, follow, max-snippet:-1, max-image-preview:large, max-video-preview:-1\" \/>\n<link rel=\"canonical\" href=\"https:\/\/www.paroquiavilaoperaria.org.br\/portal\/a-paroquia\/quem-somos\/\" \/>\n<meta property=\"og:locale\" content=\"pt_BR\" \/>\n<meta property=\"og:type\" content=\"article\" \/>\n<meta property=\"og:title\" content=\"Quem Somos - Par\u00f3quia da Vila Oper\u00e1ria - Teresina - Piau\u00ed\" \/>\n<meta property=\"og:description\" content=\"A Par\u00f3quia de S\u00e3o Jos\u00e9 Oper\u00e1rio foi fundada em 1 de Maio de 1957. Sua hist\u00f3ria \u00e9 de muita f\u00e9 e devo\u00e7\u00e3o. Com um territ\u00f3rio Paroquial que abrange 6 comunidades no entorno da Igreja Matriz\" \/>\n<meta property=\"og:url\" content=\"https:\/\/www.paroquiavilaoperaria.org.br\/portal\/a-paroquia\/quem-somos\/\" \/>\n<meta property=\"og:site_name\" content=\"Par\u00f3quia da Vila Oper\u00e1ria - Teresina - Piau\u00ed\" \/>\n<meta property=\"article:publisher\" content=\"https:\/\/www.facebook.com\/Valdeci-Cavalcante-Advocacia-Assessoria-211334022240065\/\" \/>\n<meta property=\"article:modified_time\" content=\"2017-05-20T12:44:42+00:00\" \/>\n<meta property=\"og:image\" content=\"https:\/\/www.paroquiavilaoperaria.org.br\/portal\/wp-content\/uploads\/2015\/07\/quem_somos.jpg\" \/>\n\t<meta property=\"og:image:width\" content=\"360\" \/>\n\t<meta property=\"og:image:height\" content=\"240\" \/>\n<meta name=\"twitter:card\" content=\"summary\" \/>\n<meta name=\"twitter:label1\" content=\"Est. tempo de leitura\" \/>\n\t<meta name=\"twitter:data1\" content=\"2 minutos\" \/>\n<script type=\"application\/ld+json\" class=\"yoast-schema-graph\">{\"@context\":\"https:\/\/schema.org\",\"@graph\":[{\"@type\":\"WebSite\",\"@id\":\"https:\/\/www.paroquiavilaoperaria.org.br\/portal\/#website\",\"url\":\"https:\/\/www.paroquiavilaoperaria.org.br\/portal\/\",\"name\":\"Par\\u00f3quia da Vila Oper\\u00e1ria - Teresina - Piau\\u00ed\",\"description\":\"\",\"potentialAction\":[{\"@type\":\"SearchAction\",\"target\":{\"@type\":\"EntryPoint\",\"urlTemplate\":\"https:\/\/www.paroquiavilaoperaria.org.br\/portal\/?s={search_term_string}\"},\"query-input\":\"required name=search_term_string\"}],\"inLanguage\":\"pt-BR\"},{\"@type\":\"ImageObject\",\"@id\":\"https:\/\/www.paroquiavilaoperaria.org.br\/portal\/a-paroquia\/quem-somos\/#primaryimage\",\"inLanguage\":\"pt-BR\",\"url\":\"https:\/\/www.paroquiavilaoperaria.org.br\/portal\/wp-content\/uploads\/2015\/07\/quem_somos.jpg\",\"contentUrl\":\"https:\/\/www.paroquiavilaoperaria.org.br\/portal\/wp-content\/uploads\/2015\/07\/quem_somos.jpg\",\"width\":360,\"height\":240},{\"@type\":\"WebPage\",\"@id\":\"https:\/\/www.paroquiavilaoperaria.org.br\/portal\/a-paroquia\/quem-somos\/#webpage\",\"url\":\"https:\/\/www.paroquiavilaoperaria.org.br\/portal\/a-paroquia\/quem-somos\/\",\"name\":\"Quem Somos - Par\\u00f3quia da Vila Oper\\u00e1ria - Teresina - Piau\\u00ed\",\"isPartOf\":{\"@id\":\"https:\/\/www.paroquiavilaoperaria.org.br\/portal\/#website\"},\"primaryImageOfPage\":{\"@id\":\"https:\/\/www.paroquiavilaoperaria.org.br\/portal\/a-paroquia\/quem-somos\/#primaryimage\"},\"datePublished\":\"2015-07-08T12:53:52+00:00\",\"dateModified\":\"2017-05-20T12:44:42+00:00\",\"breadcrumb\":{\"@id\":\"https:\/\/www.paroquiavilaoperaria.org.br\/portal\/a-paroquia\/quem-somos\/#breadcrumb\"},\"inLanguage\":\"pt-BR\",\"potentialAction\":[{\"@type\":\"ReadAction\",\"target\":[\"https:\/\/www.paroquiavilaoperaria.org.br\/portal\/a-paroquia\/quem-somos\/\"]}]},{\"@type\":\"BreadcrumbList\",\"@id\":\"https:\/\/www.paroquiavilaoperaria.org.br\/portal\/a-paroquia\/quem-somos\/#breadcrumb\",\"itemListElement\":[{\"@type\":\"ListItem\",\"position\":1,\"name\":\"In\\u00edcio\",\"item\":\"https:\/\/www.paroquiavilaoperaria.org.br\/portal\/\"},{\"@type\":\"ListItem\",\"position\":2,\"name\":\"A Par\\u00f3quia\",\"item\":\"https:\/\/www.paroquiavilaoperaria.org.br\/portal\/a-paroquia\/\"},{\"@type\":\"ListItem\",\"position\":3,\"name\":\"Quem Somos\"}]}]}<\/script>\n<!-- \/ Yoast SEO plugin. -->","yoast_head_json":{"title":"Quem Somos - Par\u00f3quia da Vila Oper\u00e1ria - Teresina - Piau\u00ed","robots":{"index":"index","follow":"follow","max-snippet":"max-snippet:-1","max-image-preview":"max-image-preview:large","max-video-preview":"max-video-preview:-1"},"canonical":"https:\/\/www.paroquiavilaoperaria.org.br\/portal\/a-paroquia\/quem-somos\/","og_locale":"pt_BR","og_type":"article","og_title":"Quem Somos - Par\u00f3quia da Vila Oper\u00e1ria - Teresina - Piau\u00ed","og_description":"A Par\u00f3quia de S\u00e3o Jos\u00e9 Oper\u00e1rio foi fundada em 1 de Maio de 1957. Sua hist\u00f3ria \u00e9 de muita f\u00e9 e devo\u00e7\u00e3o. Com um territ\u00f3rio Paroquial que abrange 6 comunidades no entorno da Igreja Matriz","og_url":"https:\/\/www.paroquiavilaoperaria.org.br\/portal\/a-paroquia\/quem-somos\/","og_site_name":"Par\u00f3quia da Vila Oper\u00e1ria - Teresina - Piau\u00ed","article_publisher":"https:\/\/www.facebook.com\/Valdeci-Cavalcante-Advocacia-Assessoria-211334022240065\/","article_modified_time":"2017-05-20T12:44:42+00:00","og_image":[{"width":360,"height":240,"url":"https:\/\/www.paroquiavilaoperaria.org.br\/portal\/wp-content\/uploads\/2015\/07\/quem_somos.jpg","path":"\/home\/vila\/domains\/paroquiavilaoperaria.org.br\/public_html\/portal\/wp-content\/uploads\/2015\/07\/quem_somos.jpg","size":"full","id":820,"alt":"","pixels":86400,"type":"image\/jpeg"}],"twitter_card":"summary","twitter_misc":{"Est. tempo de leitura":"2 minutos"},"schema":{"@context":"https:\/\/schema.org","@graph":[{"@type":"WebSite","@id":"https:\/\/www.paroquiavilaoperaria.org.br\/portal\/#website","url":"https:\/\/www.paroquiavilaoperaria.org.br\/portal\/","name":"Par\u00f3quia da Vila Oper\u00e1ria - Teresina - Piau\u00ed","description":"","potentialAction":[{"@type":"SearchAction","target":{"@type":"EntryPoint","urlTemplate":"https:\/\/www.paroquiavilaoperaria.org.br\/portal\/?s={search_term_string}"},"query-input":"required name=search_term_string"}],"inLanguage":"pt-BR"},{"@type":"ImageObject","@id":"https:\/\/www.paroquiavilaoperaria.org.br\/portal\/a-paroquia\/quem-somos\/#primaryimage","inLanguage":"pt-BR","url":"https:\/\/www.paroquiavilaoperaria.org.br\/portal\/wp-content\/uploads\/2015\/07\/quem_somos.jpg","contentUrl":"https:\/\/www.paroquiavilaoperaria.org.br\/portal\/wp-content\/uploads\/2015\/07\/quem_somos.jpg","width":360,"height":240},{"@type":"WebPage","@id":"https:\/\/www.paroquiavilaoperaria.org.br\/portal\/a-paroquia\/quem-somos\/#webpage","url":"https:\/\/www.paroquiavilaoperaria.org.br\/portal\/a-paroquia\/quem-somos\/","name":"Quem Somos - Par\u00f3quia da Vila Oper\u00e1ria - Teresina - Piau\u00ed","isPartOf":{"@id":"https:\/\/www.paroquiavilaoperaria.org.br\/portal\/#website"},"primaryImageOfPage":{"@id":"https:\/\/www.paroquiavilaoperaria.org.br\/portal\/a-paroquia\/quem-somos\/#primaryimage"},"datePublished":"2015-07-08T12:53:52+00:00","dateModified":"2017-05-20T12:44:42+00:00","breadcrumb":{"@id":"https:\/\/www.paroquiavilaoperaria.org.br\/portal\/a-paroquia\/quem-somos\/#breadcrumb"},"inLanguage":"pt-BR","potentialAction":[{"@type":"ReadAction","target":["https:\/\/www.paroquiavilaoperaria.org.br\/portal\/a-paroquia\/quem-somos\/"]}]},{"@type":"BreadcrumbList","@id":"https:\/\/www.paroquiavilaoperaria.org.br\/portal\/a-paroquia\/quem-somos\/#breadcrumb","itemListElement":[{"@type":"ListItem","position":1,"name":"In\u00edcio","item":"https:\/\/www.paroquiavilaoperaria.org.br\/portal\/"},{"@type":"ListItem","position":2,"name":"A Par\u00f3quia","item":"https:\/\/www.paroquiavilaoperaria.org.br\/portal\/a-paroquia\/"},{"@type":"ListItem","position":3,"name":"Quem Somos"}]}]}},"_links":{"self":[{"href":"https:\/\/www.paroquiavilaoperaria.org.br\/portal\/wp-json\/wp\/v2\/pages\/93"}],"collection":[{"href":"https:\/\/www.paroquiavilaoperaria.org.br\/portal\/wp-json\/wp\/v2\/pages"}],"about":[{"href":"https:\/\/www.paroquiavilaoperaria.org.br\/portal\/wp-json\/wp\/v2\/types\/page"}],"author":[{"embeddable":true,"href":"https:\/\/www.paroquiavilaoperaria.org.br\/portal\/wp-json\/wp\/v2\/users\/1"}],"replies":[{"embeddable":true,"href":"https:\/\/www.paroquiavilaoperaria.org.br\/portal\/wp-json\/wp\/v2\/comments?post=93"}],"version-history":[{"count":16,"href":"https:\/\/www.paroquiavilaoperaria.org.br\/portal\/wp-json\/wp\/v2\/pages\/93\/revisions"}],"predecessor-version":[{"id":545,"href":"https:\/\/www.paroquiavilaoperaria.org.br\/portal\/wp-json\/wp\/v2\/pages\/93\/revisions\/545"}],"up":[{"embeddable":true,"href":"https:\/\/www.paroquiavilaoperaria.org.br\/portal\/wp-json\/wp\/v2\/pages\/740"}],"wp:featuredmedia":[{"embeddable":true,"href":"https:\/\/www.paroquiavilaoperaria.org.br\/portal\/wp-json\/wp\/v2\/media\/820"}],"wp:attachment":[{"href":"https:\/\/www.paroquiavilaoperaria.org.br\/portal\/wp-json\/wp\/v2\/media?parent=93"}],"curies":[{"name":"wp","href":"https:\/\/api.w.org\/{rel}","templated":true}]}}