{"id":740,"date":"2017-03-10T07:29:15","date_gmt":"2017-03-10T10:29:15","guid":{"rendered":"http:\/\/localhost\/paroquia\/?page_id=740"},"modified":"2017-03-31T07:55:33","modified_gmt":"2017-03-31T10:55:33","slug":"a-paroquia","status":"publish","type":"page","link":"https:\/\/www.paroquiavilaoperaria.org.br\/portal\/a-paroquia\/","title":{"rendered":"A Par\u00f3quia"},"content":{"rendered":"<p><strong>Navegue pelo menu \u00e0 sua direita<\/strong><\/p>\n","protected":false},"excerpt":{"rendered":"<p>Navegue pelo menu \u00e0 sua direita<\/p>\n","protected":false},"author":1,"featured_media":0,"parent":0,"menu_order":0,"comment_status":"closed","ping_status":"closed","template":"","meta":{"_acf_changed":false,"footnotes":""},"acf":[],"yoast_head":"<!-- This site is optimized with the Yoast SEO plugin v16.9 - https:\/\/yoast.com\/wordpress\/plugins\/seo\/ -->\n<title>A Par\u00f3quia - Par\u00f3quia da Vila Oper\u00e1ria - Teresina - Piau\u00ed<\/title>\n<meta name=\"robots\" content=\"index, follow, max-snippet:-1, max-image-preview:large, max-video-preview:-1\" \/>\n<link rel=\"canonical\" href=\"https:\/\/www.paroquiavilaoperaria.org.br\/portal\/a-paroquia\/\" \/>\n<meta property=\"og:locale\" content=\"pt_BR\" \/>\n<meta property=\"og:type\" content=\"article\" \/>\n<meta property=\"og:title\" content=\"A Par\u00f3quia - Par\u00f3quia da Vila Oper\u00e1ria - Teresina - Piau\u00ed\" \/>\n<meta property=\"og:description\" content=\"Navegue pelo menu \u00e0 sua direita\" \/>\n<meta property=\"og:url\" content=\"https:\/\/www.paroquiavilaoperaria.org.br\/portal\/a-paroquia\/\" \/>\n<meta property=\"og:site_name\" content=\"Par\u00f3quia da Vila Oper\u00e1ria - Teresina - Piau\u00ed\" \/>\n<meta property=\"article:publisher\" content=\"https:\/\/www.facebook.com\/Valdeci-Cavalcante-Advocacia-Assessoria-211334022240065\/\" \/>\n<meta property=\"article:modified_time\" content=\"2017-03-31T10:55:33+00:00\" \/>\n<meta name=\"twitter:card\" content=\"summary\" \/>\n<script type=\"application\/ld+json\" class=\"yoast-schema-graph\">{\"@context\":\"https:\/\/schema.org\",\"@graph\":[{\"@type\":\"WebSite\",\"@id\":\"https:\/\/www.paroquiavilaoperaria.org.br\/portal\/#website\",\"url\":\"https:\/\/www.paroquiavilaoperaria.org.br\/portal\/\",\"name\":\"Par\\u00f3quia da Vila Oper\\u00e1ria - Teresina - Piau\\u00ed\",\"description\":\"\",\"potentialAction\":[{\"@type\":\"SearchAction\",\"target\":{\"@type\":\"EntryPoint\",\"urlTemplate\":\"https:\/\/www.paroquiavilaoperaria.org.br\/portal\/?s={search_term_string}\"},\"query-input\":\"required name=search_term_string\"}],\"inLanguage\":\"pt-BR\"},{\"@type\":\"WebPage\",\"@id\":\"https:\/\/www.paroquiavilaoperaria.org.br\/portal\/a-paroquia\/#webpage\",\"url\":\"https:\/\/www.paroquiavilaoperaria.org.br\/portal\/a-paroquia\/\",\"name\":\"A Par\\u00f3quia - Par\\u00f3quia da Vila Oper\\u00e1ria - Teresina - Piau\\u00ed\",\"isPartOf\":{\"@id\":\"https:\/\/www.paroquiavilaoperaria.org.br\/portal\/#website\"},\"datePublished\":\"2017-03-10T10:29:15+00:00\",\"dateModified\":\"2017-03-31T10:55:33+00:00\",\"breadcrumb\":{\"@id\":\"https:\/\/www.paroquiavilaoperaria.org.br\/portal\/a-paroquia\/#breadcrumb\"},\"inLanguage\":\"pt-BR\",\"potentialAction\":[{\"@type\":\"ReadAction\",\"target\":[\"https:\/\/www.paroquiavilaoperaria.org.br\/portal\/a-paroquia\/\"]}]},{\"@type\":\"BreadcrumbList\",\"@id\":\"https:\/\/www.paroquiavilaoperaria.org.br\/portal\/a-paroquia\/#breadcrumb\",\"itemListElement\":[{\"@type\":\"ListItem\",\"position\":1,\"name\":\"In\\u00edcio\",\"item\":\"https:\/\/www.paroquiavilaoperaria.org.br\/portal\/\"},{\"@type\":\"ListItem\",\"position\":2,\"name\":\"A Par\\u00f3quia\"}]}]}<\/script>\n<!-- \/ Yoast SEO plugin. -->","yoast_head_json":{"title":"A Par\u00f3quia - Par\u00f3quia da Vila Oper\u00e1ria - Teresina - Piau\u00ed","robots":{"index":"index","follow":"follow","max-snippet":"max-snippet:-1","max-image-preview":"max-image-preview:large","max-video-preview":"max-video-preview:-1"},"canonical":"https:\/\/www.paroquiavilaoperaria.org.br\/portal\/a-paroquia\/","og_locale":"pt_BR","og_type":"article","og_title":"A Par\u00f3quia - Par\u00f3quia da Vila Oper\u00e1ria - Teresina - Piau\u00ed","og_description":"Navegue pelo menu \u00e0 sua direita","og_url":"https:\/\/www.paroquiavilaoperaria.org.br\/portal\/a-paroquia\/","og_site_name":"Par\u00f3quia da Vila Oper\u00e1ria - Teresina - Piau\u00ed","article_publisher":"https:\/\/www.facebook.com\/Valdeci-Cavalcante-Advocacia-Assessoria-211334022240065\/","article_modified_time":"2017-03-31T10:55:33+00:00","twitter_card":"summary","schema":{"@context":"https:\/\/schema.org","@graph":[{"@type":"WebSite","@id":"https:\/\/www.paroquiavilaoperaria.org.br\/portal\/#website","url":"https:\/\/www.paroquiavilaoperaria.org.br\/portal\/","name":"Par\u00f3quia da Vila Oper\u00e1ria - Teresina - Piau\u00ed","description":"","potentialAction":[{"@type":"SearchAction","target":{"@type":"EntryPoint","urlTemplate":"https:\/\/www.paroquiavilaoperaria.org.br\/portal\/?s={search_term_string}"},"query-input":"required name=search_term_string"}],"inLanguage":"pt-BR"},{"@type":"WebPage","@id":"https:\/\/www.paroquiavilaoperaria.org.br\/portal\/a-paroquia\/#webpage","url":"https:\/\/www.paroquiavilaoperaria.org.br\/portal\/a-paroquia\/","name":"A Par\u00f3quia - Par\u00f3quia da Vila Oper\u00e1ria - Teresina - Piau\u00ed","isPartOf":{"@id":"https:\/\/www.paroquiavilaoperaria.org.br\/portal\/#website"},"datePublished":"2017-03-10T10:29:15+00:00","dateModified":"2017-03-31T10:55:33+00:00","breadcrumb":{"@id":"https:\/\/www.paroquiavilaoperaria.org.br\/portal\/a-paroquia\/#breadcrumb"},"inLanguage":"pt-BR","potentialAction":[{"@type":"ReadAction","target":["https:\/\/www.paroquiavilaoperaria.org.br\/portal\/a-paroquia\/"]}]},{"@type":"BreadcrumbList","@id":"https:\/\/www.paroquiavilaoperaria.org.br\/portal\/a-paroquia\/#breadcrumb","itemListElement":[{"@type":"ListItem","position":1,"name":"In\u00edcio","item":"https:\/\/www.paroquiavilaoperaria.org.br\/portal\/"},{"@type":"ListItem","position":2,"name":"A Par\u00f3quia"}]}]}},"_links":{"self":[{"href":"https:\/\/www.paroquiavilaoperaria.org.br\/portal\/wp-json\/wp\/v2\/pages\/740"}],"collection":[{"href":"https:\/\/www.paroquiavilaoperaria.org.br\/portal\/wp-json\/wp\/v2\/pages"}],"about":[{"href":"https:\/\/www.paroquiavilaoperaria.org.br\/portal\/wp-json\/wp\/v2\/types\/page"}],"author":[{"embeddable":true,"href":"https:\/\/www.paroquiavilaoperaria.org.br\/portal\/wp-json\/wp\/v2\/users\/1"}],"replies":[{"embeddable":true,"href":"https:\/\/www.paroquiavilaoperaria.org.br\/portal\/wp-json\/wp\/v2\/comments?post=740"}],"version-history":[{"count":2,"href":"https:\/\/www.paroquiavilaoperaria.org.br\/portal\/wp-json\/wp\/v2\/pages\/740\/revisions"}],"predecessor-version":[{"id":930,"href":"https:\/\/www.paroquiavilaoperaria.org.br\/portal\/wp-json\/wp\/v2\/pages\/740\/revisions\/930"}],"wp:attachment":[{"href":"https:\/\/www.paroquiavilaoperaria.org.br\/portal\/wp-json\/wp\/v2\/media?parent=740"}],"curies":[{"name":"wp","href":"https:\/\/api.w.org\/{rel}","templated":true}]}}