{"id":1011,"date":"2017-04-04T07:23:22","date_gmt":"2017-04-04T10:23:22","guid":{"rendered":"http:\/\/www.paroquiavilaoperaria.org.br\/portal\/?page_id=1011"},"modified":"2017-05-21T08:07:28","modified_gmt":"2017-05-21T11:07:28","slug":"encontro-de-casais-com-cristo","status":"publish","type":"page","link":"https:\/\/www.paroquiavilaoperaria.org.br\/portal\/acoes-pastorias\/movimentos\/encontro-de-casais-com-cristo\/","title":{"rendered":"Encontro de Casais com Cristo"},"content":{"rendered":"<p style=\"text-align: justify;\">Coordena\u00e7\u00e3o: Sotero<\/p>\n<p style=\"text-align: justify;\"><b><i>ENCONTRO DE CASAIS COM CRISTO-ECC<\/i><\/b><\/p>\n<p style=\"text-align: justify;\">\u00a0 <b><i>DEFINI\u00c7\u00c3O:<\/i><\/b><\/p>\n<ul style=\"text-align: justify;\">\n<li><b><i>\u00c9 um servi\u00e7o da Igreja, em favor da evangeliza\u00e7\u00e3o das fam\u00edlias;<\/i><\/b><\/li>\n<li><b><i>Favorece o bom relacionamento com os filhos, com a comunidade e entre os pr\u00f3prios casais.<\/i><\/b><\/li>\n<\/ul>\n<p style=\"text-align: justify;\"><b>\u00c9 realizado em tr\u00eas etapas:<\/b><\/p>\n<ul style=\"text-align: justify;\">\n<li><b>1\u00aa Etapa<\/b>: \u201d<b>Encontro<\/b>\u201d, Evangelizador e mission\u00e1rio &#8211; \u00e9 o despertar, o chamado.<\/li>\n<li><b>2\u00aa Etapa:<\/b> \u201c<b>Reencontro<\/b>\u201d, Catequ\u00e9tico &#8211; \u00e9 o aprofundamento, uma proposta de compromisso.<\/li>\n<li><b>3\u00aa Etapa: <\/b>\u201c<b>Compromisso<\/b>\u201d, transformador &#8211; \u00e9 para os que buscam mudar as estruturas injustas de nossa sociedade.<\/li>\n<\/ul>\n<p style=\"text-align: justify;\">\u00a0 <b>TEM COMO PRINC\u00cdPIOS<\/b>:<\/p>\n<ul style=\"text-align: justify;\">\n<li><b>DOA\u00c7\u00c3O<\/b> \u2013 Ess\u00eancia da vida crist\u00e3;<\/li>\n<li>\u00a0<b>POBREZA<\/b> \u2013 Atitude evang\u00e9lica a favor do Reino de Deus;<\/li>\n<li>\u00a0<b>SIMPLICIDADE<\/b> \u2013 Gesto aut\u00eantico e espont\u00e2neo de ser e agir;<\/li>\n<li>\u00a0<b>ALEGRIA<\/b> \u2013 Express\u00e3o da vit\u00f3ria do bem, da partilha e da comunh\u00e3o com os demais semelhantes;<\/li>\n<li><b>ORA\u00c7\u00c3O<\/b> \u2013 Rela\u00e7\u00e3o pessoal do homem com Deus em Jesus Cristo.<\/li>\n<\/ul>\n<p style=\"text-align: justify;\">Contribui para que as fam\u00edlias se constituam como:<\/p>\n<ul style=\"text-align: justify;\">\n<li>\u201cIgrejas Dom\u00e9sticas\u201d,<\/li>\n<li>\u201cFormadoras de Pessoas\u201d,<\/li>\n<li>\u201cEducadoras na F\u00e9\u201d e<\/li>\n<li>\u201cPromotoras do Desenvolvimento\u201d.<\/li>\n<\/ul>\n<p style=\"text-align: justify;\"><b>Possui um documento em n\u00edvel Nacional, que passa uma orienta\u00e7\u00e3o segura, procurando aprimorar sua linha evangelizadora.<\/b> <b><i>O lugar do ECC \u00e9 importante no an\u00fancio e viv\u00eancia do Evangelho, pois o \u201cFUTURO DA HUMANIDADE PASSA PELA FAM\u00cdLIA\u201d.<\/i><\/b><\/p>\n<ul style=\"text-align: justify;\">\n<li>Na <b>Par\u00f3quia de S\u00e3o Jos\u00e9 Oper\u00e1rio <\/b>\u2013 Teresina\/PI, o ECC re\u00fane-se no <b>1\u00ba<\/b> e no <b>3\u00ba<\/b> s\u00e1bado de cada m\u00eas e promove encontros de <b>1\u00aa<\/b> <b>etapa <\/b>anualmente.<\/li>\n<li>O pr\u00f3ximo encontro de <b>1\u00aa Etapa <\/b>est\u00e1 previsto para <b>setembro\/2013<\/b>. Os casais interessados devem procurar um casal encontrista para saber como participar.<\/li>\n<\/ul>\n<p style=\"text-align: justify;\"><strong>Coordena\u00e7\u00e3o: Wagno e Jana\u00edna-8835-5419<\/strong><\/p>\n","protected":false},"excerpt":{"rendered":"<p>Coordena\u00e7\u00e3o: Sotero ENCONTRO DE CASAIS COM CRISTO-ECC \u00a0 DEFINI\u00c7\u00c3O: \u00c9 um servi\u00e7o da Igreja, em favor da evangeliza\u00e7\u00e3o das fam\u00edlias; Favorece o bom relacionamento com os filhos, com a comunidade e entre os pr\u00f3prios casais. \u00c9 realizado em tr\u00eas etapas: 1\u00aa Etapa: \u201dEncontro\u201d, Evangelizador e mission\u00e1rio &#8211; \u00e9 o despertar, o chamado. 2\u00aa Etapa: \u201cReencontro\u201d, &hellip;<\/p>\n","protected":false},"author":1,"featured_media":0,"parent":861,"menu_order":0,"comment_status":"closed","ping_status":"closed","template":"","meta":{"_acf_changed":false,"footnotes":""},"acf":[],"yoast_head":"<!-- This site is optimized with the Yoast SEO plugin v16.9 - https:\/\/yoast.com\/wordpress\/plugins\/seo\/ -->\n<title>Encontro de Casais com Cristo - Par\u00f3quia da Vila Oper\u00e1ria - Teresina - Piau\u00ed<\/title>\n<meta name=\"robots\" content=\"index, follow, max-snippet:-1, max-image-preview:large, max-video-preview:-1\" \/>\n<link rel=\"canonical\" href=\"https:\/\/www.paroquiavilaoperaria.org.br\/portal\/acoes-pastorias\/movimentos\/encontro-de-casais-com-cristo\/\" \/>\n<meta property=\"og:locale\" content=\"pt_BR\" \/>\n<meta property=\"og:type\" content=\"article\" \/>\n<meta property=\"og:title\" content=\"Encontro de Casais com Cristo - Par\u00f3quia da Vila Oper\u00e1ria - Teresina - Piau\u00ed\" \/>\n<meta property=\"og:description\" content=\"Coordena\u00e7\u00e3o: Sotero ENCONTRO DE CASAIS COM CRISTO-ECC \u00a0 DEFINI\u00c7\u00c3O: \u00c9 um servi\u00e7o da Igreja, em favor da evangeliza\u00e7\u00e3o das fam\u00edlias; Favorece o bom relacionamento com os filhos, com a comunidade e entre os pr\u00f3prios casais. \u00c9 realizado em tr\u00eas etapas: 1\u00aa Etapa: \u201dEncontro\u201d, Evangelizador e mission\u00e1rio &#8211; \u00e9 o despertar, o chamado. 2\u00aa Etapa: \u201cReencontro\u201d, &hellip;\" \/>\n<meta property=\"og:url\" content=\"https:\/\/www.paroquiavilaoperaria.org.br\/portal\/acoes-pastorias\/movimentos\/encontro-de-casais-com-cristo\/\" \/>\n<meta property=\"og:site_name\" content=\"Par\u00f3quia da Vila Oper\u00e1ria - Teresina - Piau\u00ed\" \/>\n<meta property=\"article:publisher\" content=\"https:\/\/www.facebook.com\/Valdeci-Cavalcante-Advocacia-Assessoria-211334022240065\/\" \/>\n<meta property=\"article:modified_time\" content=\"2017-05-21T11:07:28+00:00\" \/>\n<meta name=\"twitter:card\" content=\"summary\" \/>\n<meta name=\"twitter:label1\" content=\"Est. tempo de leitura\" \/>\n\t<meta name=\"twitter:data1\" content=\"1 minuto\" \/>\n<script type=\"application\/ld+json\" class=\"yoast-schema-graph\">{\"@context\":\"https:\/\/schema.org\",\"@graph\":[{\"@type\":\"WebSite\",\"@id\":\"https:\/\/www.paroquiavilaoperaria.org.br\/portal\/#website\",\"url\":\"https:\/\/www.paroquiavilaoperaria.org.br\/portal\/\",\"name\":\"Par\\u00f3quia da Vila Oper\\u00e1ria - Teresina - Piau\\u00ed\",\"description\":\"\",\"potentialAction\":[{\"@type\":\"SearchAction\",\"target\":{\"@type\":\"EntryPoint\",\"urlTemplate\":\"https:\/\/www.paroquiavilaoperaria.org.br\/portal\/?s={search_term_string}\"},\"query-input\":\"required name=search_term_string\"}],\"inLanguage\":\"pt-BR\"},{\"@type\":\"WebPage\",\"@id\":\"https:\/\/www.paroquiavilaoperaria.org.br\/portal\/acoes-pastorias\/movimentos\/encontro-de-casais-com-cristo\/#webpage\",\"url\":\"https:\/\/www.paroquiavilaoperaria.org.br\/portal\/acoes-pastorias\/movimentos\/encontro-de-casais-com-cristo\/\",\"name\":\"Encontro de Casais com Cristo - Par\\u00f3quia da Vila Oper\\u00e1ria - Teresina - Piau\\u00ed\",\"isPartOf\":{\"@id\":\"https:\/\/www.paroquiavilaoperaria.org.br\/portal\/#website\"},\"datePublished\":\"2017-04-04T10:23:22+00:00\",\"dateModified\":\"2017-05-21T11:07:28+00:00\",\"breadcrumb\":{\"@id\":\"https:\/\/www.paroquiavilaoperaria.org.br\/portal\/acoes-pastorias\/movimentos\/encontro-de-casais-com-cristo\/#breadcrumb\"},\"inLanguage\":\"pt-BR\",\"potentialAction\":[{\"@type\":\"ReadAction\",\"target\":[\"https:\/\/www.paroquiavilaoperaria.org.br\/portal\/acoes-pastorias\/movimentos\/encontro-de-casais-com-cristo\/\"]}]},{\"@type\":\"BreadcrumbList\",\"@id\":\"https:\/\/www.paroquiavilaoperaria.org.br\/portal\/acoes-pastorias\/movimentos\/encontro-de-casais-com-cristo\/#breadcrumb\",\"itemListElement\":[{\"@type\":\"ListItem\",\"position\":1,\"name\":\"In\\u00edcio\",\"item\":\"https:\/\/www.paroquiavilaoperaria.org.br\/portal\/\"},{\"@type\":\"ListItem\",\"position\":2,\"name\":\"A\\u00e7\\u00f5es Pastorias\",\"item\":\"https:\/\/www.paroquiavilaoperaria.org.br\/portal\/acoes-pastorias\/\"},{\"@type\":\"ListItem\",\"position\":3,\"name\":\"Movimentos\",\"item\":\"https:\/\/www.paroquiavilaoperaria.org.br\/portal\/acoes-pastorias\/movimentos\/\"},{\"@type\":\"ListItem\",\"position\":4,\"name\":\"Encontro de Casais com Cristo\"}]}]}<\/script>\n<!-- \/ Yoast SEO plugin. -->","yoast_head_json":{"title":"Encontro de Casais com Cristo - Par\u00f3quia da Vila Oper\u00e1ria - Teresina - Piau\u00ed","robots":{"index":"index","follow":"follow","max-snippet":"max-snippet:-1","max-image-preview":"max-image-preview:large","max-video-preview":"max-video-preview:-1"},"canonical":"https:\/\/www.paroquiavilaoperaria.org.br\/portal\/acoes-pastorias\/movimentos\/encontro-de-casais-com-cristo\/","og_locale":"pt_BR","og_type":"article","og_title":"Encontro de Casais com Cristo - Par\u00f3quia da Vila Oper\u00e1ria - Teresina - Piau\u00ed","og_description":"Coordena\u00e7\u00e3o: Sotero ENCONTRO DE CASAIS COM CRISTO-ECC \u00a0 DEFINI\u00c7\u00c3O: \u00c9 um servi\u00e7o da Igreja, em favor da evangeliza\u00e7\u00e3o das fam\u00edlias; Favorece o bom relacionamento com os filhos, com a comunidade e entre os pr\u00f3prios casais. \u00c9 realizado em tr\u00eas etapas: 1\u00aa Etapa: \u201dEncontro\u201d, Evangelizador e mission\u00e1rio &#8211; \u00e9 o despertar, o chamado. 2\u00aa Etapa: \u201cReencontro\u201d, &hellip;","og_url":"https:\/\/www.paroquiavilaoperaria.org.br\/portal\/acoes-pastorias\/movimentos\/encontro-de-casais-com-cristo\/","og_site_name":"Par\u00f3quia da Vila Oper\u00e1ria - Teresina - Piau\u00ed","article_publisher":"https:\/\/www.facebook.com\/Valdeci-Cavalcante-Advocacia-Assessoria-211334022240065\/","article_modified_time":"2017-05-21T11:07:28+00:00","twitter_card":"summary","twitter_misc":{"Est. tempo de leitura":"1 minuto"},"schema":{"@context":"https:\/\/schema.org","@graph":[{"@type":"WebSite","@id":"https:\/\/www.paroquiavilaoperaria.org.br\/portal\/#website","url":"https:\/\/www.paroquiavilaoperaria.org.br\/portal\/","name":"Par\u00f3quia da Vila Oper\u00e1ria - Teresina - Piau\u00ed","description":"","potentialAction":[{"@type":"SearchAction","target":{"@type":"EntryPoint","urlTemplate":"https:\/\/www.paroquiavilaoperaria.org.br\/portal\/?s={search_term_string}"},"query-input":"required name=search_term_string"}],"inLanguage":"pt-BR"},{"@type":"WebPage","@id":"https:\/\/www.paroquiavilaoperaria.org.br\/portal\/acoes-pastorias\/movimentos\/encontro-de-casais-com-cristo\/#webpage","url":"https:\/\/www.paroquiavilaoperaria.org.br\/portal\/acoes-pastorias\/movimentos\/encontro-de-casais-com-cristo\/","name":"Encontro de Casais com Cristo - Par\u00f3quia da Vila Oper\u00e1ria - Teresina - Piau\u00ed","isPartOf":{"@id":"https:\/\/www.paroquiavilaoperaria.org.br\/portal\/#website"},"datePublished":"2017-04-04T10:23:22+00:00","dateModified":"2017-05-21T11:07:28+00:00","breadcrumb":{"@id":"https:\/\/www.paroquiavilaoperaria.org.br\/portal\/acoes-pastorias\/movimentos\/encontro-de-casais-com-cristo\/#breadcrumb"},"inLanguage":"pt-BR","potentialAction":[{"@type":"ReadAction","target":["https:\/\/www.paroquiavilaoperaria.org.br\/portal\/acoes-pastorias\/movimentos\/encontro-de-casais-com-cristo\/"]}]},{"@type":"BreadcrumbList","@id":"https:\/\/www.paroquiavilaoperaria.org.br\/portal\/acoes-pastorias\/movimentos\/encontro-de-casais-com-cristo\/#breadcrumb","itemListElement":[{"@type":"ListItem","position":1,"name":"In\u00edcio","item":"https:\/\/www.paroquiavilaoperaria.org.br\/portal\/"},{"@type":"ListItem","position":2,"name":"A\u00e7\u00f5es Pastorias","item":"https:\/\/www.paroquiavilaoperaria.org.br\/portal\/acoes-pastorias\/"},{"@type":"ListItem","position":3,"name":"Movimentos","item":"https:\/\/www.paroquiavilaoperaria.org.br\/portal\/acoes-pastorias\/movimentos\/"},{"@type":"ListItem","position":4,"name":"Encontro de Casais com Cristo"}]}]}},"_links":{"self":[{"href":"https:\/\/www.paroquiavilaoperaria.org.br\/portal\/wp-json\/wp\/v2\/pages\/1011"}],"collection":[{"href":"https:\/\/www.paroquiavilaoperaria.org.br\/portal\/wp-json\/wp\/v2\/pages"}],"about":[{"href":"https:\/\/www.paroquiavilaoperaria.org.br\/portal\/wp-json\/wp\/v2\/types\/page"}],"author":[{"embeddable":true,"href":"https:\/\/www.paroquiavilaoperaria.org.br\/portal\/wp-json\/wp\/v2\/users\/1"}],"replies":[{"embeddable":true,"href":"https:\/\/www.paroquiavilaoperaria.org.br\/portal\/wp-json\/wp\/v2\/comments?post=1011"}],"version-history":[{"count":2,"href":"https:\/\/www.paroquiavilaoperaria.org.br\/portal\/wp-json\/wp\/v2\/pages\/1011\/revisions"}],"predecessor-version":[{"id":1223,"href":"https:\/\/www.paroquiavilaoperaria.org.br\/portal\/wp-json\/wp\/v2\/pages\/1011\/revisions\/1223"}],"up":[{"embeddable":true,"href":"https:\/\/www.paroquiavilaoperaria.org.br\/portal\/wp-json\/wp\/v2\/pages\/861"}],"wp:attachment":[{"href":"https:\/\/www.paroquiavilaoperaria.org.br\/portal\/wp-json\/wp\/v2\/media?parent=1011"}],"curies":[{"name":"wp","href":"https:\/\/api.w.org\/{rel}","templated":true}]}}